{"id":2254,"date":"2022-06-27T12:05:47","date_gmt":"2022-06-27T10:05:47","guid":{"rendered":"https:\/\/brandboxworld.com\/mentions-legales\/"},"modified":"2022-08-04T09:10:52","modified_gmt":"2022-08-04T07:10:52","slug":"mentions-legales","status":"publish","type":"page","link":"https:\/\/brandboxworld.com\/fr\/mentions-legales\/","title":{"rendered":"Mentions l\u00e9gales"},"content":{"rendered":"\t\t<div data-elementor-type=\"wp-page\" data-elementor-id=\"2254\" class=\"elementor elementor-2254 elementor-1286\" data-elementor-post-type=\"page\">\n\t\t\t\t\t\t<section class=\"elementor-section elementor-top-section elementor-element elementor-element-1dc716ed elementor-section-boxed elementor-section-height-default elementor-section-height-default\" data-id=\"1dc716ed\" data-element_type=\"section\" data-settings=\"{&quot;jet_parallax_layout_list&quot;:[]}\">\n\t\t\t\t\t\t<div class=\"elementor-container elementor-column-gap-default\">\n\t\t\t\t\t<div class=\"elementor-column elementor-col-100 elementor-top-column elementor-element elementor-element-53a9db93\" data-id=\"53a9db93\" data-element_type=\"column\">\n\t\t\t<div class=\"elementor-widget-wrap elementor-element-populated\">\n\t\t\t\t\t\t<div class=\"elementor-element elementor-element-85588cd elementor-widget elementor-widget-heading\" data-id=\"85588cd\" data-element_type=\"widget\" data-widget_type=\"heading.default\">\n\t\t\t\t<div class=\"elementor-widget-container\">\n\t\t\t\t\t<h1 class=\"elementor-heading-title elementor-size-default\">Mentions l\u00e9gales<\/h1>\t\t\t\t<\/div>\n\t\t\t\t<\/div>\n\t\t\t\t<div class=\"elementor-element elementor-element-1b11959a elementor-widget elementor-widget-text-editor\" data-id=\"1b11959a\" data-element_type=\"widget\" data-widget_type=\"text-editor.default\">\n\t\t\t\t<div class=\"elementor-widget-container\">\n\t\t\t\t\t\t\t\t\t<p><strong>Informations sur la soci\u00e9t\u00e9 :<\/strong><\/p>\n<p>Brandbox Trading Namibia CC<\/p>\n<p>Theo Ben Gurirab str 83, P.O. Box 424<\/p>\n<p>Walvis Bay, Namibie<\/p>\n<p>T\u00e9l\u00e9phone +264-64-202065<\/p>\n<p>Portable: +49 (0) 15204524734<\/p>\n<p>brandbox@iop.com.na<\/p>\n<p>www.brandboxworld.com<\/p>\n<p>VAT: 08274646-015<\/p>\n<p>N\u00b0 du registre du commerce: Registration: CC\/ 2018\/05017<\/p>\n<p>Minist\u00e8re de l&rsquo;Industrialisation et du Commerce de Namibie<\/p>\n<p>Managing Partners: VHW Paulsmeier, P Paulsmeier<\/p>\n<p> <\/p>\n<p>Le responsable du contenu est Pascale Paulsmeier (adresse ci-dessus).<\/p>\t\t\t\t\t\t\t\t<\/div>\n\t\t\t\t<\/div>\n\t\t\t\t<div class=\"elementor-element elementor-element-559609e elementor-widget elementor-widget-text-editor\" data-id=\"559609e\" data-element_type=\"widget\" data-widget_type=\"text-editor.default\">\n\t\t\t\t<div class=\"elementor-widget-container\">\n\t\t\t\t\t\t\t\t\t<p><strong>Mentions l\u00e9gales<\/strong><\/p><p>Malgr\u00e9 un contr\u00f4le minutieux du contenu, nous n&rsquo;assumons aucune responsabilit\u00e9 pour le contenu des liens externes.<\/p><p>Seuls les exploitants de ces sites sont responsables de leur contenu.<\/p><p>L&rsquo;exploitant du site n&rsquo;assume aucune responsabilit\u00e9 pour les informations transmises ou enregistr\u00e9es par des tiers. L&rsquo;exploitant du site n&rsquo;est pas tenu de surveiller ces informations. Dans la mesure o\u00f9 des informations ill\u00e9gales sont transmises ou enregistr\u00e9es par des tiers, l&rsquo;exploitant du site n&rsquo;est responsable que s&rsquo;il ne donne pas suite \u00e0 une demande justifi\u00e9e de suppression des informations. Les informations manifestement ill\u00e9gales sont imm\u00e9diatement supprim\u00e9es d\u00e8s qu&rsquo;elles sont connues.   <\/p><p> <\/p><p><strong><strong>Responsabilit\u00e9pour<\/strong><strong>les liens<\/strong><\/strong><\/p><p>L&rsquo;exploitant du site n&rsquo;a aucune influence sur les liens externes. Avant la publication des liens sur ces pages, leur conformit\u00e9 avec les dispositions l\u00e9gales a \u00e9t\u00e9 v\u00e9rifi\u00e9e dans la mesure du raisonnable. L&rsquo;exploitant du site n&rsquo;est pas responsable des modifications apport\u00e9es aux pages accessibles par des liens externes. Il n&rsquo;est notamment pas possible d&rsquo;exiger un contr\u00f4le permanent des liens externes quant aux violations de la loi. Si l&rsquo;exploitant du site est inform\u00e9 de contenus ill\u00e9gaux accessibles par des liens externes, il supprime imm\u00e9diatement ces liens.    <\/p><div class=\"highlight\"><pre><code class=\"html\">\n<\/code><\/pre><\/div><ol><li><i class=\"fas fa-external-link-alt\"><\/i> lien vers un site web externe. Lorsque vous cliquez sur ce lien, des donn\u00e9es sont transmises \u00e0 la cible du lien et des cookies peuvent \u00eatre install\u00e9s par le site web cible du lien. Si vous ne le souhaitez pas, ne cliquez pas sur le lien. Vous trouverez plus d&rsquo;informations ici (lien vers la protection des donn\u00e9es).   <\/li><\/ol><p> <\/p><p><strong>Avis de droit d&rsquo;auteur<\/strong><\/p><p>\u00a9 Copyright 2022 \u2013<\/p><p>Les droits d&rsquo;auteur pour tous les textes et contenus multim\u00e9dias disponibles sur les pages de l&rsquo;exploitant sont d\u00e9tenus par l&rsquo;exploitant du site, sauf si des droits d&rsquo;auteur diff\u00e9rents sont indiqu\u00e9s s\u00e9par\u00e9ment. Si les droits d&rsquo;auteur de tiers ne sont pas mentionn\u00e9s, il est demand\u00e9 de les communiquer par e-mail. L&rsquo;exploitant du site supprimera imm\u00e9diatement de tels contenus. Le traitement, la diffusion et la reproduction de contenus ne sont pas autoris\u00e9s sans l&rsquo;accord expr\u00e8s de l&rsquo;exploitant du site.   <\/p><p>Droits d&rsquo;auteur divergents : sources photographiques : stock.adobe.com<\/p>\t\t\t\t\t\t\t\t<\/div>\n\t\t\t\t<\/div>\n\t\t\t\t\t<\/div>\n\t\t<\/div>\n\t\t\t\t\t<\/div>\n\t\t<\/section>\n\t\t\t\t<\/div>\n\t\t","protected":false},"excerpt":{"rendered":"<p>Mentions l\u00e9gales Informations sur la soci\u00e9t\u00e9 : Brandbox Trading Namibia CC Theo Ben Gurirab str 83, P.O. Box 424 Walvis Bay, Namibie T\u00e9l\u00e9phone +264-64-202065 Portable: +49 (0) 15204524734 brandbox@iop.com.na www.brandboxworld.com VAT: 08274646-015 N\u00b0 du registre du commerce: Registration: CC\/ 2018\/05017 Minist\u00e8re de l&rsquo;Industrialisation et du Commerce de Namibie Managing Partners: VHW Paulsmeier, P Paulsmeier Le [&hellip;]<\/p>\n","protected":false},"author":1,"featured_media":0,"parent":0,"menu_order":0,"comment_status":"closed","ping_status":"closed","template":"","meta":{"footnotes":""},"class_list":["post-2254","page","type-page","status-publish","hentry"],"_links":{"self":[{"href":"https:\/\/brandboxworld.com\/fr\/wp-json\/wp\/v2\/pages\/2254","targetHints":{"allow":["GET"]}}],"collection":[{"href":"https:\/\/brandboxworld.com\/fr\/wp-json\/wp\/v2\/pages"}],"about":[{"href":"https:\/\/brandboxworld.com\/fr\/wp-json\/wp\/v2\/types\/page"}],"author":[{"embeddable":true,"href":"https:\/\/brandboxworld.com\/fr\/wp-json\/wp\/v2\/users\/1"}],"replies":[{"embeddable":true,"href":"https:\/\/brandboxworld.com\/fr\/wp-json\/wp\/v2\/comments?post=2254"}],"version-history":[{"count":2,"href":"https:\/\/brandboxworld.com\/fr\/wp-json\/wp\/v2\/pages\/2254\/revisions"}],"predecessor-version":[{"id":2344,"href":"https:\/\/brandboxworld.com\/fr\/wp-json\/wp\/v2\/pages\/2254\/revisions\/2344"}],"wp:attachment":[{"href":"https:\/\/brandboxworld.com\/fr\/wp-json\/wp\/v2\/media?parent=2254"}],"curies":[{"name":"wp","href":"https:\/\/api.w.org\/{rel}","templated":true}]}}