{"id":1522,"date":"2022-05-09T15:10:33","date_gmt":"2022-05-09T13:10:33","guid":{"rendered":"https:\/\/brandboxworld.com\/contact\/"},"modified":"2022-08-10T09:16:28","modified_gmt":"2022-08-10T07:16:28","slug":"contact","status":"publish","type":"page","link":"https:\/\/brandboxworld.com\/fr\/contact\/","title":{"rendered":"Contact"},"content":{"rendered":"\t\t<div data-elementor-type=\"wp-page\" data-elementor-id=\"1522\" class=\"elementor elementor-1522 elementor-560\" data-elementor-post-type=\"page\">\n\t\t\t\t\t\t<section class=\"elementor-section elementor-top-section elementor-element elementor-element-81d3cf8 elementor-section-boxed elementor-section-height-default elementor-section-height-default\" data-id=\"81d3cf8\" data-element_type=\"section\" data-settings=\"{&quot;jet_parallax_layout_list&quot;:[]}\">\n\t\t\t\t\t\t<div class=\"elementor-container elementor-column-gap-default\">\n\t\t\t\t\t<div class=\"elementor-column elementor-col-100 elementor-top-column elementor-element elementor-element-3ad73a9\" data-id=\"3ad73a9\" data-element_type=\"column\">\n\t\t\t<div class=\"elementor-widget-wrap elementor-element-populated\">\n\t\t\t\t\t\t<div class=\"elementor-element elementor-element-1ccf071 elementor-widget elementor-widget-image\" data-id=\"1ccf071\" data-element_type=\"widget\" data-widget_type=\"image.default\">\n\t\t\t\t<div class=\"elementor-widget-container\">\n\t\t\t\t\t\t\t\t\t\t\t\t\t\t\t<img decoding=\"async\" width=\"669\" height=\"70\" src=\"https:\/\/brandboxworld.com\/wp-content\/uploads\/2022\/06\/Quadrate.png\" class=\"attachment-full size-full wp-image-1424\" alt=\"\" srcset=\"https:\/\/brandboxworld.com\/wp-content\/uploads\/2022\/06\/Quadrate.png 669w, https:\/\/brandboxworld.com\/wp-content\/uploads\/2022\/06\/Quadrate-300x31.png 300w\" sizes=\"(max-width: 669px) 100vw, 669px\" \/>\t\t\t\t\t\t\t\t\t\t\t\t\t\t\t<\/div>\n\t\t\t\t<\/div>\n\t\t\t\t<div class=\"elementor-element elementor-element-3866fe9 elementor-widget elementor-widget-heading\" data-id=\"3866fe9\" data-element_type=\"widget\" data-widget_type=\"heading.default\">\n\t\t\t\t<div class=\"elementor-widget-container\">\n\t\t\t\t\t<h4 class=\"elementor-heading-title elementor-size-default\">Vous souhaitez utiliser Brandbox ? <\/h4>\t\t\t\t<\/div>\n\t\t\t\t<\/div>\n\t\t\t\t\t<\/div>\n\t\t<\/div>\n\t\t\t\t\t<\/div>\n\t\t<\/section>\n\t\t\t\t<section class=\"elementor-section elementor-top-section elementor-element elementor-element-f2c86a1 elementor-section-content-space-between elementor-section-boxed elementor-section-height-default elementor-section-height-default\" data-id=\"f2c86a1\" data-element_type=\"section\" data-settings=\"{&quot;jet_parallax_layout_list&quot;:[]}\">\n\t\t\t\t\t\t<div class=\"elementor-container elementor-column-gap-default\">\n\t\t\t\t\t<div class=\"elementor-column elementor-col-100 elementor-top-column elementor-element elementor-element-25921cb\" data-id=\"25921cb\" data-element_type=\"column\">\n\t\t\t<div class=\"elementor-widget-wrap elementor-element-populated\">\n\t\t\t\t\t\t<div class=\"elementor-element elementor-element-50c5d84 elementor-widget elementor-widget-text-editor\" data-id=\"50c5d84\" data-element_type=\"widget\" data-widget_type=\"text-editor.default\">\n\t\t\t\t<div class=\"elementor-widget-container\">\n\t\t\t\t\t\t\t\t\t<p>Si vous \u00eates int\u00e9ress\u00e9 par nos services ou si vous avez des questions, veuillez nous contacter par e-mail :<\/p>\t\t\t\t\t\t\t\t<\/div>\n\t\t\t\t<\/div>\n\t\t\t\t<div class=\"elementor-element elementor-element-01329a4 elementor-widget elementor-widget-button\" data-id=\"01329a4\" data-element_type=\"widget\" data-widget_type=\"button.default\">\n\t\t\t\t<div class=\"elementor-widget-container\">\n\t\t\t\t\t\t\t\t\t<div class=\"elementor-button-wrapper\">\n\t\t\t\t\t<a class=\"elementor-button elementor-button-link elementor-size-sm\" href=\"mailto:brandbox@iop.com.na\">\n\t\t\t\t\t\t<span class=\"elementor-button-content-wrapper\">\n\t\t\t\t\t\t\t\t\t<span class=\"elementor-button-text\">brandbox@iop.com.na<\/span>\n\t\t\t\t\t<\/span>\n\t\t\t\t\t<\/a>\n\t\t\t\t<\/div>\n\t\t\t\t\t\t\t\t<\/div>\n\t\t\t\t<\/div>\n\t\t\t\t<div class=\"elementor-element elementor-element-eddd0d0 elementor-widget elementor-widget-text-editor\" data-id=\"eddd0d0\" data-element_type=\"widget\" data-widget_type=\"text-editor.default\">\n\t\t\t\t<div class=\"elementor-widget-container\">\n\t\t\t\t\t\t\t\t\t<p>Ou via le formulaire de contact.<\/p><p>Nous nous ferons un plaisir de vous contacter. Veuillez nous communiquer les informations suivantes:<\/p>\t\t\t\t\t\t\t\t<\/div>\n\t\t\t\t<\/div>\n\t\t\t\t<div class=\"elementor-element elementor-element-5ec9d3d elementor-button-align-stretch elementor-widget elementor-widget-form\" data-id=\"5ec9d3d\" data-element_type=\"widget\" data-settings=\"{&quot;button_width&quot;:&quot;25&quot;,&quot;step_next_label&quot;:&quot;prochain&quot;,&quot;step_previous_label&quot;:&quot;pr\\u00e9c\\u00e9dent&quot;,&quot;step_type&quot;:&quot;number_text&quot;,&quot;step_icon_shape&quot;:&quot;circle&quot;}\" data-widget_type=\"form.default\">\n\t\t\t\t<div class=\"elementor-widget-container\">\n\t\t\t\t\t\t\t<form class=\"elementor-form\" method=\"post\" name=\"Nouvelle forme\" aria-label=\"Nouvelle forme\">\n\t\t\t<input type=\"hidden\" name=\"post_id\" value=\"1522\"\/>\n\t\t\t<input type=\"hidden\" name=\"form_id\" value=\"5ec9d3d\"\/>\n\t\t\t<input type=\"hidden\" name=\"referer_title\" value=\"Contact\" \/>\n\n\t\t\t\t\t\t\t<input type=\"hidden\" name=\"queried_id\" value=\"1522\"\/>\n\t\t\t\n\t\t\t<div class=\"elementor-form-fields-wrapper elementor-labels-above\">\n\t\t\t\t\t\t\t\t<div class=\"elementor-field-type-text elementor-field-group elementor-column elementor-field-group-name elementor-col-50 elementor-field-required elementor-mark-required\">\n\t\t\t\t\t\t\t\t\t\t\t\t<label for=\"form-field-name\" class=\"elementor-field-label\">\n\t\t\t\t\t\t\t\tSoci\u00e9t\u00e9\t\t\t\t\t\t\t<\/label>\n\t\t\t\t\t\t\t\t\t\t\t\t\t\t<input size=\"1\" type=\"text\" name=\"form_fields[name]\" id=\"form-field-name\" class=\"elementor-field elementor-size-sm  elementor-field-textual\" required=\"required\">\n\t\t\t\t\t\t\t\t\t\t\t<\/div>\n\t\t\t\t\t\t\t\t<div class=\"elementor-field-type-text elementor-field-group elementor-column elementor-field-group-field_f5a8e70 elementor-col-50 elementor-field-required elementor-mark-required\">\n\t\t\t\t\t\t\t\t\t\t\t\t<label for=\"form-field-field_f5a8e70\" class=\"elementor-field-label\">\n\t\t\t\t\t\t\t\tNom du client\t\t\t\t\t\t\t<\/label>\n\t\t\t\t\t\t\t\t\t\t\t\t\t\t<input size=\"1\" type=\"text\" name=\"form_fields[field_f5a8e70]\" id=\"form-field-field_f5a8e70\" class=\"elementor-field elementor-size-sm  elementor-field-textual\" required=\"required\">\n\t\t\t\t\t\t\t\t\t\t\t<\/div>\n\t\t\t\t\t\t\t\t<div class=\"elementor-field-type-tel elementor-field-group elementor-column elementor-field-group-field_8223d52 elementor-col-50 elementor-field-required elementor-mark-required\">\n\t\t\t\t\t\t\t\t\t\t\t\t<label for=\"form-field-field_8223d52\" class=\"elementor-field-label\">\n\t\t\t\t\t\t\t\tt\u00e9l\u00e9phone\t\t\t\t\t\t\t<\/label>\n\t\t\t\t\t\t\t\t<input size=\"1\" type=\"tel\" name=\"form_fields[field_8223d52]\" id=\"form-field-field_8223d52\" class=\"elementor-field elementor-size-sm  elementor-field-textual\" required=\"required\" pattern=\"[0-9()#&amp;+*-=.]+\" title=\"Seuls les caract\u00e8res de num\u00e9ros de t\u00e9l\u00e9phone (#, -, *, etc.) sont accept\u00e9s.\">\n\n\t\t\t\t\t\t<\/div>\n\t\t\t\t\t\t\t\t<div class=\"elementor-field-type-email elementor-field-group elementor-column elementor-field-group-email elementor-col-50 elementor-field-required elementor-mark-required\">\n\t\t\t\t\t\t\t\t\t\t\t\t<label for=\"form-field-email\" class=\"elementor-field-label\">\n\t\t\t\t\t\t\t\te-mail\t\t\t\t\t\t\t<\/label>\n\t\t\t\t\t\t\t\t\t\t\t\t\t\t<input size=\"1\" type=\"email\" name=\"form_fields[email]\" id=\"form-field-email\" class=\"elementor-field elementor-size-sm  elementor-field-textual\" required=\"required\">\n\t\t\t\t\t\t\t\t\t\t\t<\/div>\n\t\t\t\t\t\t\t\t<div class=\"elementor-field-type-radio elementor-field-group elementor-column elementor-field-group-message elementor-col-100\">\n\t\t\t\t\t\t\t\t\t\t\t\t<label for=\"form-field-message\" class=\"elementor-field-label\">\n\t\t\t\t\t\t\t\tJe souhaite \u00eatre contact\u00e9(e) de la mani\u00e8re suivante:\t\t\t\t\t\t\t<\/label>\n\t\t\t\t\t\t<div class=\"elementor-field-subgroup  elementor-subgroup-inline\"><span class=\"elementor-field-option\"><input type=\"radio\" value=\"Par t\u00e9l\u00e9phone\" id=\"form-field-message-0\" name=\"form_fields[message]\"> <label for=\"form-field-message-0\">Par t\u00e9l\u00e9phone<\/label><\/span><span class=\"elementor-field-option\"><input type=\"radio\" value=\"Par e-mail\" id=\"form-field-message-1\" name=\"form_fields[message]\"> <label for=\"form-field-message-1\">Par e-mail<\/label><\/span><span class=\"elementor-field-option\"><input type=\"radio\" value=\"Rendez-vous via zoom \/ gotomeeting \/ teams ou indiquez votre pr\u00e9f\u00e9rence\" id=\"form-field-message-2\" name=\"form_fields[message]\"> <label for=\"form-field-message-2\">Rendez-vous via zoom \/ gotomeeting \/ teams ou indiquez votre pr\u00e9f\u00e9rence<\/label><\/span><\/div>\t\t\t\t<\/div>\n\t\t\t\t\t\t\t\t<div class=\"elementor-field-type-text elementor-field-group elementor-column elementor-field-group-field_39061d9 elementor-col-25\">\n\t\t\t\t\t\t\t\t\t\t\t\t<label for=\"form-field-field_39061d9\" class=\"elementor-field-label\">\n\t\t\t\t\t\t\t\tPr\u00e9f\u00e9rence\t\t\t\t\t\t\t<\/label>\n\t\t\t\t\t\t\t\t\t\t\t\t\t\t<input size=\"1\" type=\"text\" name=\"form_fields[field_39061d9]\" id=\"form-field-field_39061d9\" class=\"elementor-field elementor-size-sm  elementor-field-textual\">\n\t\t\t\t\t\t\t\t\t\t\t<\/div>\n\t\t\t\t\t\t\t\t<div class=\"elementor-field-type-html elementor-field-group elementor-column elementor-field-group-field_3196245 elementor-col-100\">\n\t\t\t\t\tIndiquez 2 dates possibles:\t\t\t\t<\/div>\n\t\t\t\t\t\t\t\t<div class=\"elementor-field-type-date elementor-field-group elementor-column elementor-field-group-field_0bda8b9 elementor-col-25\">\n\t\t\t\t\t\t\t\t\t\t\t\t<label for=\"form-field-field_0bda8b9\" class=\"elementor-field-label\">\n\t\t\t\t\t\t\t\tDate 1\t\t\t\t\t\t\t<\/label>\n\t\t\t\t\t\t\n\t\t<input type=\"date\" name=\"form_fields[field_0bda8b9]\" id=\"form-field-field_0bda8b9\" class=\"elementor-field elementor-size-sm  elementor-field-textual elementor-date-field\" pattern=\"[0-9]{4}-[0-9]{2}-[0-9]{2}\">\n\t\t\t\t\t\t<\/div>\n\t\t\t\t\t\t\t\t<div class=\"elementor-field-type-time elementor-field-group elementor-column elementor-field-group-field_e1ce10c elementor-col-25\">\n\t\t\t\t\t\t\t\t\t\t\t\t<label for=\"form-field-field_e1ce10c\" class=\"elementor-field-label\">\n\t\t\t\t\t\t\t\tHeure 1\t\t\t\t\t\t\t<\/label>\n\t\t\t\t\t\t\t\t<input type=\"time\" name=\"form_fields[field_e1ce10c]\" id=\"form-field-field_e1ce10c\" class=\"elementor-field elementor-size-sm  elementor-field-textual elementor-time-field\">\n\t\t\t\t\t\t<\/div>\n\t\t\t\t\t\t\t\t<div class=\"elementor-field-type-date elementor-field-group elementor-column elementor-field-group-field_44d409a elementor-col-25\">\n\t\t\t\t\t\t\t\t\t\t\t\t<label for=\"form-field-field_44d409a\" class=\"elementor-field-label\">\n\t\t\t\t\t\t\t\tDate 2\t\t\t\t\t\t\t<\/label>\n\t\t\t\t\t\t\n\t\t<input type=\"date\" name=\"form_fields[field_44d409a]\" id=\"form-field-field_44d409a\" class=\"elementor-field elementor-size-sm  elementor-field-textual elementor-date-field\" pattern=\"[0-9]{4}-[0-9]{2}-[0-9]{2}\">\n\t\t\t\t\t\t<\/div>\n\t\t\t\t\t\t\t\t<div class=\"elementor-field-type-time elementor-field-group elementor-column elementor-field-group-field_8edac68 elementor-col-25\">\n\t\t\t\t\t\t\t\t\t\t\t\t<label for=\"form-field-field_8edac68\" class=\"elementor-field-label\">\n\t\t\t\t\t\t\t\tHeure 2\t\t\t\t\t\t\t<\/label>\n\t\t\t\t\t\t\t\t<input type=\"time\" name=\"form_fields[field_8edac68]\" id=\"form-field-field_8edac68\" class=\"elementor-field elementor-size-sm  elementor-field-textual elementor-time-field\">\n\t\t\t\t\t\t<\/div>\n\t\t\t\t\t\t\t\t<div class=\"elementor-field-type-html elementor-field-group elementor-column elementor-field-group-field_88a08ca elementor-col-100\">\n\t\t\t\t\t*Champs obligatoires\t\t\t\t<\/div>\n\t\t\t\t\t\t\t\t<div class=\"elementor-field-type-acceptance elementor-field-group elementor-column elementor-field-group-field_ac6d9d0 elementor-col-100 elementor-field-required elementor-mark-required\">\n\t\t\t\t\t\t\t<div class=\"elementor-field-subgroup\">\n\t\t\t<span class=\"elementor-field-option\">\n\t\t\t\t<input type=\"checkbox\" name=\"form_fields[field_ac6d9d0]\" id=\"form-field-field_ac6d9d0\" class=\"elementor-field elementor-size-sm  elementor-acceptance-field\" required=\"required\">\n\t\t\t\t<label for=\"form-field-field_ac6d9d0\">J'ai lu la note de politique de confidentialit\u00e9. J'accepte que mes coordonn\u00e9es et donn\u00e9es soient collect\u00e9es et stock\u00e9es \u00e9lectroniquement pour r\u00e9pondre \u00e0 ma demande. Remarque : Vous pouvez r\u00e9voquer votre consentement \u00e0 tout moment pour l'avenir en envoyant un e-mail \u00e0 brandbox@iop.com.na.  <\/label>\t\t\t<\/span>\n\t\t<\/div>\n\t\t\t\t\t\t<\/div>\n\t\t\t\t\t\t\t\t<div class=\"elementor-field-group elementor-column elementor-field-type-submit elementor-col-25 e-form__buttons\">\n\t\t\t\t\t<button class=\"elementor-button elementor-size-sm\" type=\"submit\">\n\t\t\t\t\t\t<span class=\"elementor-button-content-wrapper\">\n\t\t\t\t\t\t\t\t\t\t\t\t\t\t\t\t\t\t\t\t\t\t<span class=\"elementor-button-text\">Envoyer<\/span>\n\t\t\t\t\t\t\t\t\t\t\t\t\t<\/span>\n\t\t\t\t\t<\/button>\n\t\t\t\t<\/div>\n\t\t\t<\/div>\n\t\t<\/form>\n\t\t\t\t\t\t<\/div>\n\t\t\t\t<\/div>\n\t\t\t\t\t<\/div>\n\t\t<\/div>\n\t\t\t\t\t<\/div>\n\t\t<\/section>\n\t\t\t\t<section class=\"elementor-section elementor-top-section elementor-element elementor-element-fc0a190 elementor-section-boxed elementor-section-height-default elementor-section-height-default\" data-id=\"fc0a190\" data-element_type=\"section\" data-settings=\"{&quot;jet_parallax_layout_list&quot;:[]}\">\n\t\t\t\t\t\t<div class=\"elementor-container elementor-column-gap-default\">\n\t\t\t\t\t<div class=\"elementor-column elementor-col-100 elementor-top-column elementor-element elementor-element-89d1b1f\" data-id=\"89d1b1f\" data-element_type=\"column\">\n\t\t\t<div class=\"elementor-widget-wrap elementor-element-populated\">\n\t\t\t\t\t\t<div class=\"elementor-element elementor-element-b770e18 elementor-widget elementor-widget-text-editor\" data-id=\"b770e18\" data-element_type=\"widget\" data-widget_type=\"text-editor.default\">\n\t\t\t\t<div class=\"elementor-widget-container\">\n\t\t\t\t\t\t\t\t\t<h1><strong>Nous vous faisons sortir du d\u00e9sert. <\/strong><\/h1><h1><strong>Avec nous, vous pouvez surfer sur la vague!<\/strong><\/h1>\t\t\t\t\t\t\t\t<\/div>\n\t\t\t\t<\/div>\n\t\t\t\t<div class=\"elementor-element elementor-element-968e3ad elementor-widget elementor-widget-text-editor\" data-id=\"968e3ad\" data-element_type=\"widget\" data-widget_type=\"text-editor.default\">\n\t\t\t\t<div class=\"elementor-widget-container\">\n\t\t\t\t\t\t\t\t\t<p>Pascale Paulsmeier est une Namibienne germanophone qui vit principalement en Namibie avec sa famille. A l&rsquo;origine, la Brandbox GmbH a \u00e9t\u00e9 fond\u00e9e en 2018 dans le sud de l&rsquo;Allemagne (\u00e0 Ulm) et la d\u00e9pendance namibienne en 2020. Entretemps, la d\u00e9pendance namibienne est devenue la soci\u00e9t\u00e9 principale.  <\/p><p>La Namibie se caract\u00e9rise par ses vastes paysages. La rencontre entre le d\u00e9sert du Namib et l&rsquo;oc\u00e9an Atlantique est unique en son genre&#8230; <\/p>\t\t\t\t\t\t\t\t<\/div>\n\t\t\t\t<\/div>\n\t\t\t\t<div class=\"elementor-element elementor-element-1e805a7 elementor-arrows-position-inside elementor-pagination-position-outside elementor-widget elementor-widget-image-carousel\" data-id=\"1e805a7\" data-element_type=\"widget\" data-settings=\"{&quot;navigation&quot;:&quot;both&quot;,&quot;autoplay&quot;:&quot;yes&quot;,&quot;pause_on_hover&quot;:&quot;yes&quot;,&quot;pause_on_interaction&quot;:&quot;yes&quot;,&quot;autoplay_speed&quot;:5000,&quot;infinite&quot;:&quot;yes&quot;,&quot;speed&quot;:500}\" data-widget_type=\"image-carousel.default\">\n\t\t\t\t<div class=\"elementor-widget-container\">\n\t\t\t\t\t\t\t<div class=\"elementor-image-carousel-wrapper swiper\" role=\"region\" aria-roledescription=\"carousel\" aria-label=\"Carrousel d\u2019images\" dir=\"ltr\">\n\t\t\t<div class=\"elementor-image-carousel swiper-wrapper\" aria-live=\"off\">\n\t\t\t\t\t\t\t\t<div class=\"swiper-slide\" role=\"group\" aria-roledescription=\"slide\" aria-label=\"1 sur 10\"><a data-elementor-open-lightbox=\"yes\" data-elementor-lightbox-slideshow=\"1e805a7\" data-elementor-lightbox-title=\"DSCF4334\" data-e-action-hash=\"#elementor-action%3Aaction%3Dlightbox%26settings%3DeyJpZCI6MTQ2OCwidXJsIjoiaHR0cHM6XC9cL2JyYW5kYm94d29ybGQuY29tXC93cC1jb250ZW50XC91cGxvYWRzXC8yMDIyXC8wNlwvRFNDRjQzMzQtc2NhbGVkLmpwZyIsInNsaWRlc2hvdyI6IjFlODA1YTcifQ%3D%3D\" href=\"https:\/\/brandboxworld.com\/wp-content\/uploads\/2022\/06\/DSCF4334-scaled.jpg\"><figure class=\"swiper-slide-inner\"><img decoding=\"async\" class=\"swiper-slide-image\" src=\"https:\/\/brandboxworld.com\/wp-content\/uploads\/2022\/06\/DSCF4334-1024x768.jpg\" alt=\"DSCF4334\" \/><\/figure><\/a><\/div><div class=\"swiper-slide\" role=\"group\" aria-roledescription=\"slide\" aria-label=\"2 sur 10\"><a data-elementor-open-lightbox=\"yes\" data-elementor-lightbox-slideshow=\"1e805a7\" data-elementor-lightbox-title=\"IMG_0310\" data-e-action-hash=\"#elementor-action%3Aaction%3Dlightbox%26settings%3DeyJpZCI6MTQ0OCwidXJsIjoiaHR0cHM6XC9cL2JyYW5kYm94d29ybGQuY29tXC93cC1jb250ZW50XC91cGxvYWRzXC8yMDIyXC8wNlwvSU1HXzAzMTAtc2NhbGVkLmpwZyIsInNsaWRlc2hvdyI6IjFlODA1YTcifQ%3D%3D\" href=\"https:\/\/brandboxworld.com\/wp-content\/uploads\/2022\/06\/IMG_0310-scaled.jpg\"><figure class=\"swiper-slide-inner\"><img decoding=\"async\" class=\"swiper-slide-image\" src=\"https:\/\/brandboxworld.com\/wp-content\/uploads\/2022\/06\/IMG_0310-1024x768.jpg\" alt=\"IMG_0310\" \/><\/figure><\/a><\/div><div class=\"swiper-slide\" role=\"group\" aria-roledescription=\"slide\" aria-label=\"3 sur 10\"><a data-elementor-open-lightbox=\"yes\" data-elementor-lightbox-slideshow=\"1e805a7\" data-elementor-lightbox-title=\"03\" data-e-action-hash=\"#elementor-action%3Aaction%3Dlightbox%26settings%3DeyJpZCI6MTQ0MCwidXJsIjoiaHR0cHM6XC9cL2JyYW5kYm94d29ybGQuY29tXC93cC1jb250ZW50XC91cGxvYWRzXC8yMDIyXC8wNlwvMDMuanBnIiwic2xpZGVzaG93IjoiMWU4MDVhNyJ9\" href=\"https:\/\/brandboxworld.com\/wp-content\/uploads\/2022\/06\/03.jpg\"><figure class=\"swiper-slide-inner\"><img decoding=\"async\" class=\"swiper-slide-image\" src=\"https:\/\/brandboxworld.com\/wp-content\/uploads\/2022\/06\/03-1024x768.jpg\" alt=\"03\" \/><\/figure><\/a><\/div><div class=\"swiper-slide\" role=\"group\" aria-roledescription=\"slide\" aria-label=\"4 sur 10\"><a data-elementor-open-lightbox=\"yes\" data-elementor-lightbox-slideshow=\"1e805a7\" data-elementor-lightbox-title=\"DSCF4354\" data-e-action-hash=\"#elementor-action%3Aaction%3Dlightbox%26settings%3DeyJpZCI6MTQ2NCwidXJsIjoiaHR0cHM6XC9cL2JyYW5kYm94d29ybGQuY29tXC93cC1jb250ZW50XC91cGxvYWRzXC8yMDIyXC8wNlwvRFNDRjQzNTQtc2NhbGVkLmpwZyIsInNsaWRlc2hvdyI6IjFlODA1YTcifQ%3D%3D\" href=\"https:\/\/brandboxworld.com\/wp-content\/uploads\/2022\/06\/DSCF4354-scaled.jpg\"><figure class=\"swiper-slide-inner\"><img decoding=\"async\" class=\"swiper-slide-image\" src=\"https:\/\/brandboxworld.com\/wp-content\/uploads\/2022\/06\/DSCF4354-1024x768.jpg\" alt=\"DSCF4354\" \/><\/figure><\/a><\/div><div class=\"swiper-slide\" role=\"group\" aria-roledescription=\"slide\" aria-label=\"5 sur 10\"><a data-elementor-open-lightbox=\"yes\" data-elementor-lightbox-slideshow=\"1e805a7\" data-elementor-lightbox-title=\"DSCF4311\" data-e-action-hash=\"#elementor-action%3Aaction%3Dlightbox%26settings%3DeyJpZCI6MTQ2MCwidXJsIjoiaHR0cHM6XC9cL2JyYW5kYm94d29ybGQuY29tXC93cC1jb250ZW50XC91cGxvYWRzXC8yMDIyXC8wNlwvRFNDRjQzMTEtc2NhbGVkLmpwZyIsInNsaWRlc2hvdyI6IjFlODA1YTcifQ%3D%3D\" href=\"https:\/\/brandboxworld.com\/wp-content\/uploads\/2022\/06\/DSCF4311-scaled.jpg\"><figure class=\"swiper-slide-inner\"><img decoding=\"async\" class=\"swiper-slide-image\" src=\"https:\/\/brandboxworld.com\/wp-content\/uploads\/2022\/06\/DSCF4311-1024x768.jpg\" alt=\"DSCF4311\" \/><\/figure><\/a><\/div><div class=\"swiper-slide\" role=\"group\" aria-roledescription=\"slide\" aria-label=\"6 sur 10\"><a data-elementor-open-lightbox=\"yes\" data-elementor-lightbox-slideshow=\"1e805a7\" data-elementor-lightbox-title=\"IMG_0811\" data-e-action-hash=\"#elementor-action%3Aaction%3Dlightbox%26settings%3DeyJpZCI6MTQ3MiwidXJsIjoiaHR0cHM6XC9cL2JyYW5kYm94d29ybGQuY29tXC93cC1jb250ZW50XC91cGxvYWRzXC8yMDIyXC8wNlwvSU1HXzA4MTEtc2NhbGVkLmpwZyIsInNsaWRlc2hvdyI6IjFlODA1YTcifQ%3D%3D\" href=\"https:\/\/brandboxworld.com\/wp-content\/uploads\/2022\/06\/IMG_0811-scaled.jpg\"><figure class=\"swiper-slide-inner\"><img decoding=\"async\" class=\"swiper-slide-image\" src=\"https:\/\/brandboxworld.com\/wp-content\/uploads\/2022\/06\/IMG_0811-1024x768.jpg\" alt=\"IMG_0811\" \/><\/figure><\/a><\/div><div class=\"swiper-slide\" role=\"group\" aria-roledescription=\"slide\" aria-label=\"7 sur 10\"><a data-elementor-open-lightbox=\"yes\" data-elementor-lightbox-slideshow=\"1e805a7\" data-elementor-lightbox-title=\"04\" data-e-action-hash=\"#elementor-action%3Aaction%3Dlightbox%26settings%3DeyJpZCI6MTQ0NCwidXJsIjoiaHR0cHM6XC9cL2JyYW5kYm94d29ybGQuY29tXC93cC1jb250ZW50XC91cGxvYWRzXC8yMDIyXC8wNlwvMDQuanBnIiwic2xpZGVzaG93IjoiMWU4MDVhNyJ9\" href=\"https:\/\/brandboxworld.com\/wp-content\/uploads\/2022\/06\/04.jpg\"><figure class=\"swiper-slide-inner\"><img decoding=\"async\" class=\"swiper-slide-image\" src=\"https:\/\/brandboxworld.com\/wp-content\/uploads\/2022\/06\/04.jpg\" alt=\"04\" \/><\/figure><\/a><\/div><div class=\"swiper-slide\" role=\"group\" aria-roledescription=\"slide\" aria-label=\"8 sur 10\"><a data-elementor-open-lightbox=\"yes\" data-elementor-lightbox-slideshow=\"1e805a7\" data-elementor-lightbox-title=\"IMG_0831\" data-e-action-hash=\"#elementor-action%3Aaction%3Dlightbox%26settings%3DeyJpZCI6MTQ1MiwidXJsIjoiaHR0cHM6XC9cL2JyYW5kYm94d29ybGQuY29tXC93cC1jb250ZW50XC91cGxvYWRzXC8yMDIyXC8wNlwvSU1HXzA4MzEtc2NhbGVkLmpwZyIsInNsaWRlc2hvdyI6IjFlODA1YTcifQ%3D%3D\" href=\"https:\/\/brandboxworld.com\/wp-content\/uploads\/2022\/06\/IMG_0831-scaled.jpg\"><figure class=\"swiper-slide-inner\"><img decoding=\"async\" class=\"swiper-slide-image\" src=\"https:\/\/brandboxworld.com\/wp-content\/uploads\/2022\/06\/IMG_0831-1024x768.jpg\" alt=\"IMG_0831\" \/><\/figure><\/a><\/div><div class=\"swiper-slide\" role=\"group\" aria-roledescription=\"slide\" aria-label=\"9 sur 10\"><a data-elementor-open-lightbox=\"yes\" data-elementor-lightbox-slideshow=\"1e805a7\" data-elementor-lightbox-title=\"02\" data-e-action-hash=\"#elementor-action%3Aaction%3Dlightbox%26settings%3DeyJpZCI6MTQzNiwidXJsIjoiaHR0cHM6XC9cL2JyYW5kYm94d29ybGQuY29tXC93cC1jb250ZW50XC91cGxvYWRzXC8yMDIyXC8wNlwvMDIuanBnIiwic2xpZGVzaG93IjoiMWU4MDVhNyJ9\" href=\"https:\/\/brandboxworld.com\/wp-content\/uploads\/2022\/06\/02.jpg\"><figure class=\"swiper-slide-inner\"><img decoding=\"async\" class=\"swiper-slide-image\" src=\"https:\/\/brandboxworld.com\/wp-content\/uploads\/2022\/06\/02-1024x768.jpg\" alt=\"02\" \/><\/figure><\/a><\/div><div class=\"swiper-slide\" role=\"group\" aria-roledescription=\"slide\" aria-label=\"10 sur 10\"><a data-elementor-open-lightbox=\"yes\" data-elementor-lightbox-slideshow=\"1e805a7\" data-elementor-lightbox-title=\"01\" data-e-action-hash=\"#elementor-action%3Aaction%3Dlightbox%26settings%3DeyJpZCI6MTQzMiwidXJsIjoiaHR0cHM6XC9cL2JyYW5kYm94d29ybGQuY29tXC93cC1jb250ZW50XC91cGxvYWRzXC8yMDIyXC8wNlwvMDEuanBnIiwic2xpZGVzaG93IjoiMWU4MDVhNyJ9\" href=\"https:\/\/brandboxworld.com\/wp-content\/uploads\/2022\/06\/01.jpg\"><figure class=\"swiper-slide-inner\"><img decoding=\"async\" class=\"swiper-slide-image\" src=\"https:\/\/brandboxworld.com\/wp-content\/uploads\/2022\/06\/01-1024x768.jpg\" alt=\"01\" \/><\/figure><\/a><\/div>\t\t\t<\/div>\n\t\t\t\t\t\t\t\t\t\t\t\t<div class=\"elementor-swiper-button elementor-swiper-button-prev\" role=\"button\" tabindex=\"0\">\n\t\t\t\t\t\t<i aria-hidden=\"true\" class=\"eicon-chevron-left\"><\/i>\t\t\t\t\t<\/div>\n\t\t\t\t\t<div class=\"elementor-swiper-button elementor-swiper-button-next\" role=\"button\" tabindex=\"0\">\n\t\t\t\t\t\t<i aria-hidden=\"true\" class=\"eicon-chevron-right\"><\/i>\t\t\t\t\t<\/div>\n\t\t\t\t\n\t\t\t\t\t\t\t\t\t<div class=\"swiper-pagination\"><\/div>\n\t\t\t\t\t\t\t\t\t<\/div>\n\t\t\t\t\t\t<\/div>\n\t\t\t\t<\/div>\n\t\t\t\t\t<\/div>\n\t\t<\/div>\n\t\t\t\t\t<\/div>\n\t\t<\/section>\n\t\t\t\t<\/div>\n\t\t","protected":false},"excerpt":{"rendered":"<p>Vous souhaitez utiliser Brandbox ? Si vous \u00eates int\u00e9ress\u00e9 par nos services ou si vous avez des questions, veuillez nous contacter par e-mail : brandbox@iop.com.na Ou via le formulaire de contact. Nous nous ferons un plaisir de vous contacter. Veuillez nous communiquer les informations suivantes: Nous vous faisons sortir du d\u00e9sert. Avec nous, vous pouvez [&hellip;]<\/p>\n","protected":false},"author":1,"featured_media":0,"parent":0,"menu_order":0,"comment_status":"closed","ping_status":"closed","template":"","meta":{"footnotes":""},"class_list":["post-1522","page","type-page","status-publish","hentry"],"_links":{"self":[{"href":"https:\/\/brandboxworld.com\/fr\/wp-json\/wp\/v2\/pages\/1522","targetHints":{"allow":["GET"]}}],"collection":[{"href":"https:\/\/brandboxworld.com\/fr\/wp-json\/wp\/v2\/pages"}],"about":[{"href":"https:\/\/brandboxworld.com\/fr\/wp-json\/wp\/v2\/types\/page"}],"author":[{"embeddable":true,"href":"https:\/\/brandboxworld.com\/fr\/wp-json\/wp\/v2\/users\/1"}],"replies":[{"embeddable":true,"href":"https:\/\/brandboxworld.com\/fr\/wp-json\/wp\/v2\/comments?post=1522"}],"version-history":[{"count":9,"href":"https:\/\/brandboxworld.com\/fr\/wp-json\/wp\/v2\/pages\/1522\/revisions"}],"predecessor-version":[{"id":2520,"href":"https:\/\/brandboxworld.com\/fr\/wp-json\/wp\/v2\/pages\/1522\/revisions\/2520"}],"wp:attachment":[{"href":"https:\/\/brandboxworld.com\/fr\/wp-json\/wp\/v2\/media?parent=1522"}],"curies":[{"name":"wp","href":"https:\/\/api.w.org\/{rel}","templated":true}]}}