{"id":2256,"date":"2022-06-27T12:05:47","date_gmt":"2022-06-27T10:05:47","guid":{"rendered":"https:\/\/brandboxworld.com\/pie-de-imprenta\/"},"modified":"2022-08-04T09:11:13","modified_gmt":"2022-08-04T07:11:13","slug":"pie-de-imprenta","status":"publish","type":"page","link":"https:\/\/brandboxworld.com\/es\/pie-de-imprenta\/","title":{"rendered":"Pie de imprenta"},"content":{"rendered":"\t\t<div data-elementor-type=\"wp-page\" data-elementor-id=\"2256\" class=\"elementor elementor-2256 elementor-1286\" data-elementor-post-type=\"page\">\n\t\t\t\t\t\t<section class=\"elementor-section elementor-top-section elementor-element elementor-element-1dc716ed elementor-section-boxed elementor-section-height-default elementor-section-height-default\" data-id=\"1dc716ed\" data-element_type=\"section\" data-settings=\"{&quot;jet_parallax_layout_list&quot;:[]}\">\n\t\t\t\t\t\t<div class=\"elementor-container elementor-column-gap-default\">\n\t\t\t\t\t<div class=\"elementor-column elementor-col-100 elementor-top-column elementor-element elementor-element-53a9db93\" data-id=\"53a9db93\" data-element_type=\"column\">\n\t\t\t<div class=\"elementor-widget-wrap elementor-element-populated\">\n\t\t\t\t\t\t<div class=\"elementor-element elementor-element-85588cd elementor-widget elementor-widget-heading\" data-id=\"85588cd\" data-element_type=\"widget\" data-widget_type=\"heading.default\">\n\t\t\t\t<div class=\"elementor-widget-container\">\n\t\t\t\t\t<h1 class=\"elementor-heading-title elementor-size-default\">Pie de imprenta<\/h1>\t\t\t\t<\/div>\n\t\t\t\t<\/div>\n\t\t\t\t<div class=\"elementor-element elementor-element-1b11959a elementor-widget elementor-widget-text-editor\" data-id=\"1b11959a\" data-element_type=\"widget\" data-widget_type=\"text-editor.default\">\n\t\t\t\t<div class=\"elementor-widget-container\">\n\t\t\t\t\t\t\t\t\t<p><strong>Informaci\u00f3n sobre la empresa:<\/strong><\/p>\n<p>Brandbox Trading Namibia CC<\/p>\n<p>Theo Ben Gurirab str 83, P.O. Casilla 424<\/p>\n<p>Walvis Bay, Namibia<\/p>\n<p>Tel\u00e9fono +264-64-202065<\/p>\n<p>M\u00f3vil: +49 (0) 15204524734<\/p>\n<p>brandbox@iop.com.na<\/p>\n<p>www.brandboxworld.com<\/p>\n<p>IVA: 08274646-015<\/p>\n<p>N\u00famero de registro comercial: Registro: CC\/ 2018\/05017<\/p>\n<p>Ministerio de Industrializaci\u00f3n y Comercio de Namibia<\/p>\n<p>Socios directores: VHW Paulsmeier, P Paulsmeier<\/p>\n<p> <\/p>\n<p>La responsable de los contenidos es Pascale Paulsmeier (direcci\u00f3n anterior)<\/p>\t\t\t\t\t\t\t\t<\/div>\n\t\t\t\t<\/div>\n\t\t\t\t<div class=\"elementor-element elementor-element-559609e elementor-widget elementor-widget-text-editor\" data-id=\"559609e\" data-element_type=\"widget\" data-widget_type=\"text-editor.default\">\n\t\t\t\t<div class=\"elementor-widget-container\">\n\t\t\t\t\t\t\t\t\t<p><strong>Descargo de responsabilidad<\/strong><\/p><p>A pesar del cuidadoso control de los contenidos, no asumimos ninguna responsabilidad por los contenidos de los enlaces externos.<\/p><p>Los operadores de las p\u00e1ginas enlazadas son los \u00fanicos responsables de su contenido.<\/p><p>El operador del sitio no acepta ninguna responsabilidad por la informaci\u00f3n transmitida o almacenada por terceros. El operador del sitio no est\u00e1 obligado a controlar esta informaci\u00f3n. Si la informaci\u00f3n ilegal es transmitida o almacenada por terceros, el operador del sitio s\u00f3lo ser\u00e1 responsable si no cumple con una solicitud justificada de eliminar la informaci\u00f3n. Obviamente, la informaci\u00f3n ilegal se eliminar\u00e1 inmediatamente despu\u00e9s de que se conozca.   <\/p><p> <\/p><p><strong><strong>Responsabilidadde<\/strong><strong>los enlaces<\/strong><\/strong><\/p><p>El operador del sitio no tiene ninguna influencia sobre los enlaces externos. Antes de publicar los enlaces de estas p\u00e1ginas, se comprob\u00f3, dentro de unos l\u00edmites razonables, que cumpl\u00edan las disposiciones legales. El operador del sitio no es responsable de los cambios que se produzcan en las p\u00e1ginas a las que se puede acceder a trav\u00e9s de enlaces externos. En particular, no es razonable el control continuo de los enlaces externos para detectar infracciones legales. Si el operador del sitio tiene conocimiento de contenidos ilegales a los que se puede acceder a trav\u00e9s de enlaces externos, eliminar\u00e1 estos enlaces inmediatamente.    <\/p><div class=\"highlight\"><pre><code class=\"html\">\n<\/code><\/pre><\/div><ol><li><i class=\"fas fa-external-link-alt\"><\/i> enlace a un sitio web externo. Si hace clic en este enlace, los datos se transmitir\u00e1n al destino del enlace y es posible que el sitio web de destino del enlace instale cookies. Si no lo desea, no haga clic en el enlace. Puede encontrar m\u00e1s informaci\u00f3n aqu\u00ed (enlace a la protecci\u00f3n de datos).   <\/li><\/ol><p> <\/p><p><strong>Aviso de derechos de autor<\/strong><\/p><p>\u00a9 Copyright 2022 \u2013<\/p><p>Los derechos de autor de todos los textos y contenidos multimedia disponibles en las p\u00e1ginas del operador son del operador de la p\u00e1gina, a menos que se indiquen por separado los derechos de autor divergentes. Si no se indican los derechos de autor de terceros, inf\u00f3rmenos por correo electr\u00f3nico. El operador del sitio eliminar\u00e1 dicho contenido inmediatamente. El tratamiento, la distribuci\u00f3n y la reproducci\u00f3n de los contenidos no est\u00e1n permitidos sin el consentimiento expreso del operador del sitio.   <\/p><p>Derechos de autor desviados: Fuentes fotogr\u00e1ficas: stock.adobe.com<\/p>\t\t\t\t\t\t\t\t<\/div>\n\t\t\t\t<\/div>\n\t\t\t\t\t<\/div>\n\t\t<\/div>\n\t\t\t\t\t<\/div>\n\t\t<\/section>\n\t\t\t\t<\/div>\n\t\t","protected":false},"excerpt":{"rendered":"<p>Pie de imprenta Informaci\u00f3n sobre la empresa: Brandbox Trading Namibia CC Theo Ben Gurirab str 83, P.O. Casilla 424 Walvis Bay, Namibia Tel\u00e9fono +264-64-202065 M\u00f3vil: +49 (0) 15204524734 brandbox@iop.com.na www.brandboxworld.com IVA: 08274646-015 N\u00famero de registro comercial: Registro: CC\/ 2018\/05017 Ministerio de Industrializaci\u00f3n y Comercio de Namibia Socios directores: VHW Paulsmeier, P Paulsmeier La responsable de [&hellip;]<\/p>\n","protected":false},"author":1,"featured_media":0,"parent":0,"menu_order":0,"comment_status":"closed","ping_status":"closed","template":"","meta":{"footnotes":""},"class_list":["post-2256","page","type-page","status-publish","hentry"],"_links":{"self":[{"href":"https:\/\/brandboxworld.com\/es\/wp-json\/wp\/v2\/pages\/2256","targetHints":{"allow":["GET"]}}],"collection":[{"href":"https:\/\/brandboxworld.com\/es\/wp-json\/wp\/v2\/pages"}],"about":[{"href":"https:\/\/brandboxworld.com\/es\/wp-json\/wp\/v2\/types\/page"}],"author":[{"embeddable":true,"href":"https:\/\/brandboxworld.com\/es\/wp-json\/wp\/v2\/users\/1"}],"replies":[{"embeddable":true,"href":"https:\/\/brandboxworld.com\/es\/wp-json\/wp\/v2\/comments?post=2256"}],"version-history":[{"count":2,"href":"https:\/\/brandboxworld.com\/es\/wp-json\/wp\/v2\/pages\/2256\/revisions"}],"predecessor-version":[{"id":2345,"href":"https:\/\/brandboxworld.com\/es\/wp-json\/wp\/v2\/pages\/2256\/revisions\/2345"}],"wp:attachment":[{"href":"https:\/\/brandboxworld.com\/es\/wp-json\/wp\/v2\/media?parent=2256"}],"curies":[{"name":"wp","href":"https:\/\/api.w.org\/{rel}","templated":true}]}}