{"id":2229,"date":"2022-03-24T14:36:56","date_gmt":"2022-03-24T13:36:56","guid":{"rendered":"https:\/\/brandboxworld.com\/informacion-sobre-la-proteccion-de-datos\/"},"modified":"2022-08-03T17:16:41","modified_gmt":"2022-08-03T15:16:41","slug":"informacion-sobre-la-proteccion-de-datos","status":"publish","type":"page","link":"https:\/\/brandboxworld.com\/es\/informacion-sobre-la-proteccion-de-datos\/","title":{"rendered":"INFORMACI\u00d3N SOBRE LA PROTECCI\u00d3N DE DATOS"},"content":{"rendered":"\t\t<div data-elementor-type=\"wp-page\" data-elementor-id=\"2229\" class=\"elementor elementor-2229 elementor-3\" data-elementor-post-type=\"page\">\n\t\t\t\t\t\t<section class=\"elementor-section elementor-top-section elementor-element elementor-element-1dc716ed elementor-section-boxed elementor-section-height-default elementor-section-height-default\" data-id=\"1dc716ed\" data-element_type=\"section\" data-settings=\"{&quot;jet_parallax_layout_list&quot;:[]}\">\n\t\t\t\t\t\t<div class=\"elementor-container elementor-column-gap-default\">\n\t\t\t\t\t<div class=\"elementor-column elementor-col-100 elementor-top-column elementor-element elementor-element-53a9db93\" data-id=\"53a9db93\" data-element_type=\"column\">\n\t\t\t<div class=\"elementor-widget-wrap elementor-element-populated\">\n\t\t\t\t\t\t<div class=\"elementor-element elementor-element-931c654 elementor-widget elementor-widget-heading\" data-id=\"931c654\" data-element_type=\"widget\" data-widget_type=\"heading.default\">\n\t\t\t\t<div class=\"elementor-widget-container\">\n\t\t\t\t\t<h2 class=\"elementor-heading-title elementor-size-default\">INFORMACI\u00d3N SOBRE LA PROTECCI\u00d3N DE DATOS<\/h2>\t\t\t\t<\/div>\n\t\t\t\t<\/div>\n\t\t\t\t<div class=\"elementor-element elementor-element-1b11959a elementor-widget elementor-widget-text-editor\" data-id=\"1b11959a\" data-element_type=\"widget\" data-widget_type=\"text-editor.default\">\n\t\t\t\t<div class=\"elementor-widget-container\">\n\t\t\t\t\t\t\t\t\t<p>Gracias por su inter\u00e9s en nuestra empresa. La protecci\u00f3n de datos tiene una prioridad especialmente alta en nuestra empresa. <\/p><p>Los datos personales se procesan siempre de acuerdo con el Reglamento de Protecci\u00f3n de Datos alem\u00e1n y la Ley Federal de Protecci\u00f3n de Datos alemana. Mediante esta informaci\u00f3n sobre la protecci\u00f3n de datos, nuestra empresa desea informarle sobre el tipo, el alcance y la finalidad de los datos personales que tratamos. Adem\u00e1s, esta informaci\u00f3n sobre la protecci\u00f3n de datos le informar\u00e1 de los derechos que le asisten. 1.  <\/p><ol><li><strong>Nombre de la persona responsable y de la persona de contacto para cuestiones relacionadas con la protecci\u00f3n de datos<\/strong><\/li><\/ol><p>La persona responsable en el sentido del Reglamento General de Protecci\u00f3n de Datos y otras leyes nacionales de protecci\u00f3n de datos de los Estados miembros, as\u00ed como otras normas de protecci\u00f3n de datos, es:<\/p><p>Sra. Pascale Paulsmeier, Brandbox Trading Namibia CC, Theo Ben Gurirab str. 83, P.O. Box 424, 9000 Walvis Bay, Namibia, Tel: +491504524734, e-mail: <strong><u>brandbox@iop.com.na<\/u><\/strong><\/p><ol start=\"2\"><li><strong>Datos que se procesan<\/strong><\/li><\/ol><p>Cuando usted accede a nuestro sitio web o recupera un archivo, los datos sobre este proceso se almacenan en un archivo de registro en nuestro servidor web. En concreto, se pueden almacenar los siguientes datos: <\/p><ul><li>Direcci\u00f3n IP (si es posible, se almacenar\u00e1 de forma an\u00f3nima).<\/li><li>Nombre del dominio del sitio web del que procede<\/li><li>Nombres de los archivos recuperados<\/li><li>Fecha y hora de una recuperaci\u00f3n<\/li><li>Nombre de su proveedor de servicios de Internet<\/li><li>as\u00ed como el sistema operativo y la versi\u00f3n del navegador de su dispositivo terminal, si procede.<\/li><\/ul><p>Nos reservamos el derecho de evaluar estad\u00edsticamente los registros de datos an\u00f3nimos.<\/p><ol start=\"3\"><li><strong>Base jur\u00eddica del tratamiento de datos<\/strong><\/li><\/ol><p>Si el tratamiento de sus datos personales antes mencionados es necesario para proporcionar nuestro sitio web, responder a su consulta o cumplir un contrato, el tratamiento se basa en el art. 6 (1) frase 1 lit. b DSGVO. Si nuestra empresa est\u00e1 sujeta a una obligaci\u00f3n legal por la que el tratamiento de los datos personales se hace necesario, como por ejemplo para el cumplimiento de las obligaciones de almacenamiento legal, el tratamiento se basa en el Art. 6 p\u00e1rrafo 1 p. 1 lit. c DSGVO.     <\/p><p>Almacenamos su direcci\u00f3n IP por razones de seguridad. La base legal para esto es el Art. 6 para. 1 p. 1 lit. f DSGVO para proteger el inter\u00e9s leg\u00edtimo en asegurar nuestro sitio web. En este caso, asumimos que su inter\u00e9s de protecci\u00f3n en el tratamiento de sus datos no prevalece.    <\/p><ol start=\"4\"><li><strong>Transferencia de datos<\/strong><\/li><\/ol><p>No transferimos sus datos personales a terceros para fines distintos de los que se indican a continuaci\u00f3n. S\u00f3lo transmitimos sus datos personales a terceros si: <\/p><ul><li>usted ha dado su consentimiento expreso para ello de acuerdo con el Art. 6 P\u00e1rrafo 1 frase 1 lit. a DSGVO,  <\/li><li>la divulgaci\u00f3n es necesaria para la afirmaci\u00f3n, el ejercicio o la defensa de reclamaciones legales de conformidad con el art. 6, apartado 1, p. 1 lit. f de la DSGVO y no hay raz\u00f3n para suponer que usted tiene un inter\u00e9s superior digno de protecci\u00f3n en la no divulgaci\u00f3n de sus datos,  <\/li><li>en caso de que exista una obligaci\u00f3n legal de divulgaci\u00f3n de acuerdo con el Art. 6 P\u00e1rrafo 1 frase 1 lit. c DSGVO, as\u00ed como  <\/li><li>esto es legalmente permisible y necesario para el procesamiento de las relaciones contractuales con usted de acuerdo con el Art. 6 para. 1 p. 1 lit. b DSGVO.  <\/li><\/ul><ol start=\"5\"><li><strong>Sus derechos<\/strong><\/li><\/ol><p>Seg\u00fan el Reglamento General de Protecci\u00f3n de Datos de la UE, usted tiene los siguientes derechos:<\/p><ul><li>Derecho a la informaci\u00f3n:<\/li><\/ul><p>Si se procesan sus datos personales, tiene derecho a recibir informaci\u00f3n sobre los datos almacenados sobre usted (art. 15 de la DSGVO).<\/p><ul><li>Derecho de rectificaci\u00f3n:<\/li><\/ul><p>Si se procesan datos personales inexactos, usted tiene derecho a la rectificaci\u00f3n (Art. 16 DSGVO).<\/p><ul><li>Derecho de supresi\u00f3n (\u00abderecho al olvido\u00bb) y restricci\u00f3n del tratamiento:<\/li><\/ul><p>Si se cumplen los requisitos legales, puede solicitar la supresi\u00f3n o la restricci\u00f3n del tratamiento (art. 17 y 18 de la DSGVO).<\/p><ul><li>Derecho a la portabilidad de los datos:<\/li><\/ul><p>Si ha dado su consentimiento para el tratamiento de datos o si existe un contrato de tratamiento de datos y el tratamiento de datos se lleva a cabo con la ayuda de procedimientos automatizados, puede tener derecho a la portabilidad de los datos (Art. 20 DSGVO).<\/p><ul><li>Derecho de desistimiento:<\/li><\/ul><p>Usted puede retirar su consentimiento para el tratamiento de datos personales en cualquier momento, de forma gratuita y con efecto para el futuro.<\/p><p>La legalidad del tratamiento de datos hasta la revocaci\u00f3n no se ve afectada de acuerdo con el Art. 7 (3) p. 2 DSGVO. <\/p><ul><li>Derecho de reclamaci\u00f3n:<\/li><\/ul><p>En caso de reclamaci\u00f3n en materia de protecci\u00f3n de datos, puede dirigirse a la autoridad de control competente.<\/p><ul><li>Derecho de objeci\u00f3n:<\/li><\/ul><p>Tiene derecho a oponerse al tratamiento de los datos personales que le conciernen en cualquier momento por motivos relacionados con su situaci\u00f3n particular (art. 21 DSGVO). Si se opone, dejaremos de procesar sus datos personales, a menos que podamos demostrar que existen motivos leg\u00edtimos imperiosos para el procesamiento que prevalezcan sobre sus intereses, derechos y libertades, o que el procesamiento sirva para hacer valer, ejercer o defender reclamaciones legales. <\/p><p>Si se opone al tratamiento con fines publicitarios, dejaremos de tratar sus datos personales para estos fines.<\/p><p>La objeci\u00f3n puede hacerse de manera informal.<\/p><p>Para ejercer sus derechos, p\u00f3ngase en contacto con nosotros por correo electr\u00f3nico.<\/p><ol start=\"6\"><li><strong>Toma de decisiones automatizada, incluida la elaboraci\u00f3n de perfiles<\/strong><\/li><\/ol><p>No utilizamos ning\u00fan procedimiento de tratamiento automatizado, incluida la elaboraci\u00f3n de perfiles, para tomar una decisi\u00f3n sobre el establecimiento y la ejecuci\u00f3n de una relaci\u00f3n contractual (art. 22 de la DSGVO). Si utilizamos estos procesos en casos individuales, le informaremos por separado si as\u00ed lo exige la ley. <\/p><ol start=\"7\"><li><strong>Duraci\u00f3n del tratamiento de datos<\/strong><\/li><\/ol><p>Tratamos sus datos personales s\u00f3lo durante el per\u00edodo de tiempo necesario para lograr el prop\u00f3sito o para cumplir con el respectivo per\u00edodo de conservaci\u00f3n legal.<\/p><p>Si la finalidad del tratamiento deja de aplicarse, los datos personales se bloquear\u00e1n o eliminar\u00e1n de forma rutinaria de acuerdo con las disposiciones legales.<\/p><ol start=\"8\"><li><strong>Galletas<\/strong><\/li><\/ol><p>Una cookie es un registro de datos que se crea cuando se visita un sitio web y se almacena temporalmente en el sistema del usuario del sitio web. Si el visitante de nuestra p\u00e1gina web vuelve a llamar al servidor, el navegador del visitante de la p\u00e1gina web devuelve al servidor la cookie recibida anteriormente. El servidor puede evaluar la informaci\u00f3n obtenida mediante este procedimiento.  <\/p><p>La siguiente cookie funcional es necesaria para el funcionamiento de nuestro sitio web.<\/p><table width=\"663\"><tbody><tr><td width=\"171\"><p>Nombre<\/p><\/td><td width=\"123\"><p>Dominio<\/p><\/td><td width=\"112\"><p>Duraci\u00f3n<\/p><\/td><td width=\"257\"><p>Prop\u00f3sito<\/p><\/td><\/tr><tr><td width=\"171\"><p>wp-wpml_current_language<\/p><\/td><td width=\"123\"><p>brandboxworld.com<\/p><\/td><td width=\"112\"><p>session<\/p><\/td><td width=\"257\"><p>Preservaci\u00f3n del idioma seleccionado por el usuario al navegar por el sitio web.<\/p><\/td><\/tr><\/tbody><\/table><p>La base legal para el uso es el art\u00edculo 25, apartado 2, de la TTDSG. <\/p><p>Si desea impedir de forma general el uso de cookies, puede hacerlo mediante la configuraci\u00f3n local de su navegador de Internet (por ejemplo, Google Chrome, Edge, Mozilla Firefox, Opera o Safari).<\/p><ol start=\"9\"><li><strong>Contacto a trav\u00e9s de este sitio web<\/strong><\/li><\/ol><p>Si nos env\u00eda consultas por tel\u00e9fono, a trav\u00e9s del formulario de contacto o por correo electr\u00f3nico, sus datos de la comunicaci\u00f3n, incluidos los datos de contacto que nos ha facilitado, ser\u00e1n almacenados y procesados por nosotros con el fin de procesar la consulta y en caso de preguntas de seguimiento. Sus datos se utilizar\u00e1n exclusivamente para responder y procesar su pregunta. El tratamiento de datos se realiza aqu\u00ed sobre la base legal del Art. 6 p\u00e1rrafo 1 p. 1 lit. b DSGVO con el fin de iniciar un contrato. Puede oponerse a ello en cualquier momento (derecho de revocaci\u00f3n). Sin embargo, en este caso no ser\u00e1 posible responder a su consulta.      <\/p><ol start=\"10\"><li><strong>Cifrado SSL<\/strong><\/li><\/ol><p>Nuestro sitio web utiliza el cifrado SSL (Secure Socket Layer) para la transmisi\u00f3n de datos desde su navegador a nuestro servidor y a los servidores que proporcionan los archivos que incrustamos en nuestro sitio web.<\/p><p>SSL se utiliza para transmitir datos de forma encriptada. Los datos no pueden ser modificados y el remitente puede ser identificado. <\/p><p>Puede reconocer la presencia de la codificaci\u00f3n SSL por el texto \u00abhttps\u00bb que precede a la direcci\u00f3n del sitio web que est\u00e1 llamando en su navegador.<\/p><ol start=\"11\"><li><strong>Referencias a sitios web de terceros<\/strong><\/li><\/ol><p>Este sitio web contiene referencias a sitios web de terceros en forma de los llamados enlaces. S\u00f3lo cuando haga clic en un enlace de este tipo se transmitir\u00e1n los datos al destino del enlace. Esto es t\u00e9cnicamente necesario. Los datos transmitidos son en particular: Su direcci\u00f3n IP, la hora a la que hizo clic en el enlace, la p\u00e1gina en la que hizo clic en el enlace, detalles de su navegador de Internet. Si no desea que estos datos se transmitan al destino del enlace, no haga clic en \u00e9l.    <\/p><p>Si sigue un enlace a uno de estos sitios web, tenga en cuenta que estos sitios web tienen su propia informaci\u00f3n sobre protecci\u00f3n de datos (tambi\u00e9n llamados declaraciones de privacidad o avisos de protecci\u00f3n de datos) y que no aceptamos ninguna responsabilidad por este tratamiento de datos. Por favor, compruebe esta informaci\u00f3n sobre privacidad antes de proporcionar cualquier dato personal a estos sitios web. <\/p><ol start=\"12\"><li><strong>Valores<\/strong><\/li><\/ol><p>Hemos implementado numerosas medidas t\u00e9cnicas y organizativas para garantizar una protecci\u00f3n lo m\u00e1s completa posible de los datos personales tratados a trav\u00e9s de nuestro sitio web. Sin embargo, las transmisiones de datos a trav\u00e9s de Internet pueden presentar, por lo general, lagunas de seguridad, por lo que no se puede garantizar una protecci\u00f3n absoluta. Por esta raz\u00f3n, usted tambi\u00e9n es libre de transmitirnos sus datos personales por medios alternativos, por ejemplo, por tel\u00e9fono o por correo.  <\/p><ol start=\"13\"><li><strong>Cambios en esta informaci\u00f3n sobre protecci\u00f3n de datos<\/strong><\/li><\/ol><p>Nos reservamos el derecho a modificar esta informaci\u00f3n sobre la protecci\u00f3n de datos si cambia la situaci\u00f3n legal o esta oferta en l\u00ednea o el tipo de recogida de datos. Sin embargo, esto s\u00f3lo se aplica a las declaraciones relativas al tratamiento de datos. Si se requiere el consentimiento del usuario o partes de la informaci\u00f3n sobre protecci\u00f3n de datos contienen una regulaci\u00f3n de la relaci\u00f3n contractual con los usuarios, la informaci\u00f3n sobre protecci\u00f3n de datos s\u00f3lo se modificar\u00e1 con el consentimiento del usuario.  <\/p><p>Por lo tanto, le rogamos que se informe sobre esta informaci\u00f3n relativa a la protecci\u00f3n de datos, especialmente si proporciona datos personales.<\/p>\t\t\t\t\t\t\t\t<\/div>\n\t\t\t\t<\/div>\n\t\t\t\t\t<\/div>\n\t\t<\/div>\n\t\t\t\t\t<\/div>\n\t\t<\/section>\n\t\t\t\t<\/div>\n\t\t","protected":false},"excerpt":{"rendered":"<p>INFORMACI\u00d3N SOBRE LA PROTECCI\u00d3N DE DATOS Gracias por su inter\u00e9s en nuestra empresa. La protecci\u00f3n de datos tiene una prioridad especialmente alta en nuestra empresa. Los datos personales se procesan siempre de acuerdo con el Reglamento de Protecci\u00f3n de Datos alem\u00e1n y la Ley Federal de Protecci\u00f3n de Datos alemana. Mediante esta informaci\u00f3n sobre la [&hellip;]<\/p>\n","protected":false},"author":1,"featured_media":0,"parent":0,"menu_order":0,"comment_status":"closed","ping_status":"closed","template":"","meta":{"footnotes":""},"class_list":["post-2229","page","type-page","status-publish","hentry"],"_links":{"self":[{"href":"https:\/\/brandboxworld.com\/es\/wp-json\/wp\/v2\/pages\/2229","targetHints":{"allow":["GET"]}}],"collection":[{"href":"https:\/\/brandboxworld.com\/es\/wp-json\/wp\/v2\/pages"}],"about":[{"href":"https:\/\/brandboxworld.com\/es\/wp-json\/wp\/v2\/types\/page"}],"author":[{"embeddable":true,"href":"https:\/\/brandboxworld.com\/es\/wp-json\/wp\/v2\/users\/1"}],"replies":[{"embeddable":true,"href":"https:\/\/brandboxworld.com\/es\/wp-json\/wp\/v2\/comments?post=2229"}],"version-history":[{"count":12,"href":"https:\/\/brandboxworld.com\/es\/wp-json\/wp\/v2\/pages\/2229\/revisions"}],"predecessor-version":[{"id":2317,"href":"https:\/\/brandboxworld.com\/es\/wp-json\/wp\/v2\/pages\/2229\/revisions\/2317"}],"wp:attachment":[{"href":"https:\/\/brandboxworld.com\/es\/wp-json\/wp\/v2\/media?parent=2229"}],"curies":[{"name":"wp","href":"https:\/\/api.w.org\/{rel}","templated":true}]}}