{"id":1711,"date":"2022-06-09T11:17:43","date_gmt":"2022-06-09T09:17:43","guid":{"rendered":"https:\/\/brandboxworld.com\/soluciones\/05-nivel-de-la-asignatura-ventas-distribucion-ventas\/"},"modified":"2022-07-01T15:52:23","modified_gmt":"2022-07-01T13:52:23","slug":"05-nivel-de-la-asignatura-ventas-distribucion-ventas","status":"publish","type":"page","link":"https:\/\/brandboxworld.com\/es\/soluciones\/05-nivel-de-la-asignatura-ventas-distribucion-ventas\/","title":{"rendered":"05. Nivel de la asignatura &#8211; ventas &#8211; distribuci\u00f3n (Ventas)"},"content":{"rendered":"\t\t<div data-elementor-type=\"wp-page\" data-elementor-id=\"1711\" class=\"elementor elementor-1711 elementor-932\" data-elementor-post-type=\"page\">\n\t\t\t\t\t\t<section class=\"elementor-section elementor-top-section elementor-element elementor-element-4f79e68 elementor-section-boxed elementor-section-height-default elementor-section-height-default\" data-id=\"4f79e68\" data-element_type=\"section\" data-settings=\"{&quot;jet_parallax_layout_list&quot;:[]}\">\n\t\t\t\t\t\t<div class=\"elementor-container elementor-column-gap-no\">\n\t\t\t\t\t<div class=\"elementor-column elementor-col-100 elementor-top-column elementor-element elementor-element-b9c0140\" data-id=\"b9c0140\" data-element_type=\"column\">\n\t\t\t<div class=\"elementor-widget-wrap elementor-element-populated\">\n\t\t\t\t\t\t<div class=\"elementor-element elementor-element-b4d0b98 elementor-widget elementor-widget-image\" data-id=\"b4d0b98\" data-element_type=\"widget\" data-widget_type=\"image.default\">\n\t\t\t\t<div class=\"elementor-widget-container\">\n\t\t\t\t\t\t\t\t\t\t\t\t\t\t\t<img fetchpriority=\"high\" decoding=\"async\" width=\"1000\" height=\"667\" src=\"https:\/\/brandboxworld.com\/wp-content\/uploads\/2022\/05\/Fachebene-02-1.jpg\" class=\"attachment-full size-full wp-image-1409\" alt=\"\" srcset=\"https:\/\/brandboxworld.com\/wp-content\/uploads\/2022\/05\/Fachebene-02-1.jpg 1000w, https:\/\/brandboxworld.com\/wp-content\/uploads\/2022\/05\/Fachebene-02-1-300x200.jpg 300w, https:\/\/brandboxworld.com\/wp-content\/uploads\/2022\/05\/Fachebene-02-1-768x512.jpg 768w\" sizes=\"(max-width: 1000px) 100vw, 1000px\" \/>\t\t\t\t\t\t\t\t\t\t\t\t\t\t\t<\/div>\n\t\t\t\t<\/div>\n\t\t\t\t<div class=\"elementor-element elementor-element-631df08 elementor-widget elementor-widget-text-editor\" data-id=\"631df08\" data-element_type=\"widget\" data-widget_type=\"text-editor.default\">\n\t\t\t\t<div class=\"elementor-widget-container\">\n\t\t\t\t\t\t\t\t\t<p><strong>05. <\/strong>Nivel de la asignatura &#8211; ventas &#8211; distribuci\u00f3n (Ventas)<\/p>\t\t\t\t\t\t\t\t<\/div>\n\t\t\t\t<\/div>\n\t\t\t\t\t<\/div>\n\t\t<\/div>\n\t\t\t\t\t<\/div>\n\t\t<\/section>\n\t\t\t\t<section class=\"elementor-section elementor-top-section elementor-element elementor-element-2f37c0d elementor-section-boxed elementor-section-height-default elementor-section-height-default\" data-id=\"2f37c0d\" data-element_type=\"section\" data-settings=\"{&quot;jet_parallax_layout_list&quot;:[]}\">\n\t\t\t\t\t\t<div class=\"elementor-container elementor-column-gap-default\">\n\t\t\t\t\t<div class=\"elementor-column elementor-col-20 elementor-top-column elementor-element elementor-element-8624444\" data-id=\"8624444\" data-element_type=\"column\" data-settings=\"{&quot;background_background&quot;:&quot;classic&quot;}\">\n\t\t\t<div class=\"elementor-widget-wrap elementor-element-populated\">\n\t\t\t\t\t\t<div class=\"elementor-element elementor-element-00c5b30 elementor-widget elementor-widget-text-editor\" data-id=\"00c5b30\" data-element_type=\"widget\" data-widget_type=\"text-editor.default\">\n\t\t\t\t<div class=\"elementor-widget-container\">\n\t\t\t\t\t\t\t\t\t<p>Habilidades cognitivas <br>y diversas habilidades &#8211; depende del puesto<\/p>\t\t\t\t\t\t\t\t<\/div>\n\t\t\t\t<\/div>\n\t\t\t\t\t<\/div>\n\t\t<\/div>\n\t\t\t\t<div class=\"elementor-column elementor-col-20 elementor-top-column elementor-element elementor-element-59fb162\" data-id=\"59fb162\" data-element_type=\"column\" data-settings=\"{&quot;background_background&quot;:&quot;classic&quot;}\">\n\t\t\t<div class=\"elementor-widget-wrap elementor-element-populated\">\n\t\t\t\t\t\t<div class=\"elementor-element elementor-element-dd5b12d elementor-widget elementor-widget-text-editor\" data-id=\"dd5b12d\" data-element_type=\"widget\" data-widget_type=\"text-editor.default\">\n\t\t\t\t<div class=\"elementor-widget-container\">\n\t\t\t\t\t\t\t\t\t<p>Personalidad<br>Efficacit\u00e9 de l&#8217;\u00e9quipe et r\u00f4le de l&#8217;\u00e9quipe<br>Motivaci\u00f3n<\/p>\t\t\t\t\t\t\t\t<\/div>\n\t\t\t\t<\/div>\n\t\t\t\t\t<\/div>\n\t\t<\/div>\n\t\t\t\t<div class=\"elementor-column elementor-col-20 elementor-top-column elementor-element elementor-element-73d442f\" data-id=\"73d442f\" data-element_type=\"column\" data-settings=\"{&quot;background_background&quot;:&quot;classic&quot;}\">\n\t\t\t<div class=\"elementor-widget-wrap elementor-element-populated\">\n\t\t\t\t\t\t<div class=\"elementor-element elementor-element-6d0763b elementor-widget elementor-widget-text-editor\" data-id=\"6d0763b\" data-element_type=\"widget\" data-widget_type=\"text-editor.default\">\n\t\t\t\t<div class=\"elementor-widget-container\">\n\t\t\t\t\t\t\t\t\t<p>Habilidades generales y sociales\/emocionales<br>Habilidades de venta<\/p>\t\t\t\t\t\t\t\t<\/div>\n\t\t\t\t<\/div>\n\t\t\t\t\t<\/div>\n\t\t<\/div>\n\t\t\t\t<div class=\"elementor-column elementor-col-20 elementor-top-column elementor-element elementor-element-4dfde10\" data-id=\"4dfde10\" data-element_type=\"column\" data-settings=\"{&quot;background_background&quot;:&quot;classic&quot;}\">\n\t\t\t<div class=\"elementor-widget-wrap elementor-element-populated\">\n\t\t\t\t\t\t<div class=\"elementor-element elementor-element-18f507f elementor-widget elementor-widget-text-editor\" data-id=\"18f507f\" data-element_type=\"widget\" data-widget_type=\"text-editor.default\">\n\t\t\t\t<div class=\"elementor-widget-container\">\n\t\t\t\t\t\t\t\t\t<p>Comportamiento ante el estr\u00e9s<br>Contraproducente<br>Comportamiento<\/p>\t\t\t\t\t\t\t\t<\/div>\n\t\t\t\t<\/div>\n\t\t\t\t\t<\/div>\n\t\t<\/div>\n\t\t\t\t<div class=\"elementor-column elementor-col-20 elementor-top-column elementor-element elementor-element-a35fccd\" data-id=\"a35fccd\" data-element_type=\"column\" data-settings=\"{&quot;background_background&quot;:&quot;classic&quot;}\">\n\t\t\t<div class=\"elementor-widget-wrap\">\n\t\t\t\t\t\t\t<\/div>\n\t\t<\/div>\n\t\t\t\t\t<\/div>\n\t\t<\/section>\n\t\t\t\t<section class=\"elementor-section elementor-top-section elementor-element elementor-element-d9ca744 elementor-section-boxed elementor-section-height-default elementor-section-height-default\" data-id=\"d9ca744\" data-element_type=\"section\" data-settings=\"{&quot;jet_parallax_layout_list&quot;:[]}\">\n\t\t\t\t\t\t<div class=\"elementor-container elementor-column-gap-default\">\n\t\t\t\t\t<div class=\"elementor-column elementor-col-100 elementor-top-column elementor-element elementor-element-1fdfb71\" data-id=\"1fdfb71\" data-element_type=\"column\">\n\t\t\t<div class=\"elementor-widget-wrap elementor-element-populated\">\n\t\t\t\t\t\t<div class=\"elementor-element elementor-element-7ddf647 elementor-tablet-align-center elementor-mobile-align-center elementor-widget elementor-widget-button\" data-id=\"7ddf647\" data-element_type=\"widget\" data-widget_type=\"button.default\">\n\t\t\t\t<div class=\"elementor-widget-container\">\n\t\t\t\t\t\t\t\t\t<div class=\"elementor-button-wrapper\">\n\t\t\t\t\t<a class=\"elementor-button elementor-button-link elementor-size-sm\" href=\"https:\/\/brandboxworld.com\/es\/soluciones\/#ebenen\">\n\t\t\t\t\t\t<span class=\"elementor-button-content-wrapper\">\n\t\t\t\t\t\t\t\t\t<span class=\"elementor-button-text\">devolver<\/span>\n\t\t\t\t\t<\/span>\n\t\t\t\t\t<\/a>\n\t\t\t\t<\/div>\n\t\t\t\t\t\t\t\t<\/div>\n\t\t\t\t<\/div>\n\t\t\t\t\t<\/div>\n\t\t<\/div>\n\t\t\t\t\t<\/div>\n\t\t<\/section>\n\t\t\t\t<\/div>\n\t\t","protected":false},"excerpt":{"rendered":"<p>05. Nivel de la asignatura &#8211; ventas &#8211; distribuci\u00f3n (Ventas) Habilidades cognitivas y diversas habilidades &#8211; depende del puesto PersonalidadEfficacit\u00e9 de l&#8217;\u00e9quipe et r\u00f4le de l&#8217;\u00e9quipeMotivaci\u00f3n Habilidades generales y sociales\/emocionalesHabilidades de venta Comportamiento ante el estr\u00e9sContraproducenteComportamiento devolver<\/p>\n","protected":false},"author":1,"featured_media":0,"parent":1581,"menu_order":0,"comment_status":"closed","ping_status":"closed","template":"","meta":{"footnotes":""},"class_list":["post-1711","page","type-page","status-publish","hentry"],"_links":{"self":[{"href":"https:\/\/brandboxworld.com\/es\/wp-json\/wp\/v2\/pages\/1711","targetHints":{"allow":["GET"]}}],"collection":[{"href":"https:\/\/brandboxworld.com\/es\/wp-json\/wp\/v2\/pages"}],"about":[{"href":"https:\/\/brandboxworld.com\/es\/wp-json\/wp\/v2\/types\/page"}],"author":[{"embeddable":true,"href":"https:\/\/brandboxworld.com\/es\/wp-json\/wp\/v2\/users\/1"}],"replies":[{"embeddable":true,"href":"https:\/\/brandboxworld.com\/es\/wp-json\/wp\/v2\/comments?post=1711"}],"version-history":[{"count":1,"href":"https:\/\/brandboxworld.com\/es\/wp-json\/wp\/v2\/pages\/1711\/revisions"}],"predecessor-version":[{"id":1712,"href":"https:\/\/brandboxworld.com\/es\/wp-json\/wp\/v2\/pages\/1711\/revisions\/1712"}],"up":[{"embeddable":true,"href":"https:\/\/brandboxworld.com\/es\/wp-json\/wp\/v2\/pages\/1581"}],"wp:attachment":[{"href":"https:\/\/brandboxworld.com\/es\/wp-json\/wp\/v2\/media?parent=1711"}],"curies":[{"name":"wp","href":"https:\/\/api.w.org\/{rel}","templated":true}]}}