{"id":1562,"date":"2022-05-09T15:10:33","date_gmt":"2022-05-09T13:10:33","guid":{"rendered":"https:\/\/brandboxworld.com\/contacto\/"},"modified":"2022-08-10T09:16:51","modified_gmt":"2022-08-10T07:16:51","slug":"contacto","status":"publish","type":"page","link":"https:\/\/brandboxworld.com\/es\/contacto\/","title":{"rendered":"Contacto"},"content":{"rendered":"\t\t<div data-elementor-type=\"wp-page\" data-elementor-id=\"1562\" class=\"elementor elementor-1562 elementor-560\" data-elementor-post-type=\"page\">\n\t\t\t\t\t\t<section class=\"elementor-section elementor-top-section elementor-element elementor-element-81d3cf8 elementor-section-boxed elementor-section-height-default elementor-section-height-default\" data-id=\"81d3cf8\" data-element_type=\"section\" data-settings=\"{&quot;jet_parallax_layout_list&quot;:[]}\">\n\t\t\t\t\t\t<div class=\"elementor-container elementor-column-gap-default\">\n\t\t\t\t\t<div class=\"elementor-column elementor-col-100 elementor-top-column elementor-element elementor-element-3ad73a9\" data-id=\"3ad73a9\" data-element_type=\"column\">\n\t\t\t<div class=\"elementor-widget-wrap elementor-element-populated\">\n\t\t\t\t\t\t<div class=\"elementor-element elementor-element-1ccf071 elementor-widget elementor-widget-image\" data-id=\"1ccf071\" data-element_type=\"widget\" data-widget_type=\"image.default\">\n\t\t\t\t<div class=\"elementor-widget-container\">\n\t\t\t\t\t\t\t\t\t\t\t\t\t\t\t<img decoding=\"async\" width=\"669\" height=\"70\" src=\"https:\/\/brandboxworld.com\/wp-content\/uploads\/2022\/06\/Quadrate.png\" class=\"attachment-full size-full wp-image-1425\" alt=\"\" srcset=\"https:\/\/brandboxworld.com\/wp-content\/uploads\/2022\/06\/Quadrate.png 669w, https:\/\/brandboxworld.com\/wp-content\/uploads\/2022\/06\/Quadrate-300x31.png 300w\" sizes=\"(max-width: 669px) 100vw, 669px\" \/>\t\t\t\t\t\t\t\t\t\t\t\t\t\t\t<\/div>\n\t\t\t\t<\/div>\n\t\t\t\t<div class=\"elementor-element elementor-element-3866fe9 elementor-widget elementor-widget-heading\" data-id=\"3866fe9\" data-element_type=\"widget\" data-widget_type=\"heading.default\">\n\t\t\t\t<div class=\"elementor-widget-container\">\n\t\t\t\t\t<h4 class=\"elementor-heading-title elementor-size-default\">\u00bfLe gustar\u00eda utilizar Brandbox? <\/h4>\t\t\t\t<\/div>\n\t\t\t\t<\/div>\n\t\t\t\t\t<\/div>\n\t\t<\/div>\n\t\t\t\t\t<\/div>\n\t\t<\/section>\n\t\t\t\t<section class=\"elementor-section elementor-top-section elementor-element elementor-element-f2c86a1 elementor-section-content-space-between elementor-section-boxed elementor-section-height-default elementor-section-height-default\" data-id=\"f2c86a1\" data-element_type=\"section\" data-settings=\"{&quot;jet_parallax_layout_list&quot;:[]}\">\n\t\t\t\t\t\t<div class=\"elementor-container elementor-column-gap-default\">\n\t\t\t\t\t<div class=\"elementor-column elementor-col-100 elementor-top-column elementor-element elementor-element-25921cb\" data-id=\"25921cb\" data-element_type=\"column\">\n\t\t\t<div class=\"elementor-widget-wrap elementor-element-populated\">\n\t\t\t\t\t\t<div class=\"elementor-element elementor-element-50c5d84 elementor-widget elementor-widget-text-editor\" data-id=\"50c5d84\" data-element_type=\"widget\" data-widget_type=\"text-editor.default\">\n\t\t\t\t<div class=\"elementor-widget-container\">\n\t\t\t\t\t\t\t\t\t<p>Si est\u00e1 interesado en nuestros servicios o tiene alguna pregunta, p\u00f3ngase en contacto con nosotros por correo electr\u00f3nico:<\/p>\t\t\t\t\t\t\t\t<\/div>\n\t\t\t\t<\/div>\n\t\t\t\t<div class=\"elementor-element elementor-element-01329a4 elementor-widget elementor-widget-button\" data-id=\"01329a4\" data-element_type=\"widget\" data-widget_type=\"button.default\">\n\t\t\t\t<div class=\"elementor-widget-container\">\n\t\t\t\t\t\t\t\t\t<div class=\"elementor-button-wrapper\">\n\t\t\t\t\t<a class=\"elementor-button elementor-button-link elementor-size-sm\" href=\"mailto:brandbox@iop.com.na\">\n\t\t\t\t\t\t<span class=\"elementor-button-content-wrapper\">\n\t\t\t\t\t\t\t\t\t<span class=\"elementor-button-text\">brandbox@iop.com.na<\/span>\n\t\t\t\t\t<\/span>\n\t\t\t\t\t<\/a>\n\t\t\t\t<\/div>\n\t\t\t\t\t\t\t\t<\/div>\n\t\t\t\t<\/div>\n\t\t\t\t<div class=\"elementor-element elementor-element-eddd0d0 elementor-widget elementor-widget-text-editor\" data-id=\"eddd0d0\" data-element_type=\"widget\" data-widget_type=\"text-editor.default\">\n\t\t\t\t<div class=\"elementor-widget-container\">\n\t\t\t\t\t\t\t\t\t<p>O a trav\u00e9s del formulario de contacto.<\/p><p>Estaremos encantados de ponernos en contacto con usted, por favor, facil\u00edtenos la siguiente informaci\u00f3n:<\/p>\t\t\t\t\t\t\t\t<\/div>\n\t\t\t\t<\/div>\n\t\t\t\t<div class=\"elementor-element elementor-element-5ec9d3d elementor-button-align-stretch elementor-widget elementor-widget-form\" data-id=\"5ec9d3d\" data-element_type=\"widget\" data-settings=\"{&quot;button_width&quot;:&quot;25&quot;,&quot;step_next_label&quot;:&quot;m\\u00e1s cercano&quot;,&quot;step_previous_label&quot;:&quot;anterior&quot;,&quot;step_type&quot;:&quot;number_text&quot;,&quot;step_icon_shape&quot;:&quot;circle&quot;}\" data-widget_type=\"form.default\">\n\t\t\t\t<div class=\"elementor-widget-container\">\n\t\t\t\t\t\t\t<form class=\"elementor-form\" method=\"post\" name=\"Nueva forma\" aria-label=\"Nueva forma\">\n\t\t\t<input type=\"hidden\" name=\"post_id\" value=\"1562\"\/>\n\t\t\t<input type=\"hidden\" name=\"form_id\" value=\"5ec9d3d\"\/>\n\t\t\t<input type=\"hidden\" name=\"referer_title\" value=\"Contacto\" \/>\n\n\t\t\t\t\t\t\t<input type=\"hidden\" name=\"queried_id\" value=\"1562\"\/>\n\t\t\t\n\t\t\t<div class=\"elementor-form-fields-wrapper elementor-labels-above\">\n\t\t\t\t\t\t\t\t<div class=\"elementor-field-type-text elementor-field-group elementor-column elementor-field-group-name elementor-col-50 elementor-field-required elementor-mark-required\">\n\t\t\t\t\t\t\t\t\t\t\t\t<label for=\"form-field-name\" class=\"elementor-field-label\">\n\t\t\t\t\t\t\t\tEmpresa\t\t\t\t\t\t\t<\/label>\n\t\t\t\t\t\t\t\t\t\t\t\t\t\t<input size=\"1\" type=\"text\" name=\"form_fields[name]\" id=\"form-field-name\" class=\"elementor-field elementor-size-sm  elementor-field-textual\" required=\"required\">\n\t\t\t\t\t\t\t\t\t\t\t<\/div>\n\t\t\t\t\t\t\t\t<div class=\"elementor-field-type-text elementor-field-group elementor-column elementor-field-group-field_f5a8e70 elementor-col-50 elementor-field-required elementor-mark-required\">\n\t\t\t\t\t\t\t\t\t\t\t\t<label for=\"form-field-field_f5a8e70\" class=\"elementor-field-label\">\n\t\t\t\t\t\t\t\tNombre del cliente\t\t\t\t\t\t\t<\/label>\n\t\t\t\t\t\t\t\t\t\t\t\t\t\t<input size=\"1\" type=\"text\" name=\"form_fields[field_f5a8e70]\" id=\"form-field-field_f5a8e70\" class=\"elementor-field elementor-size-sm  elementor-field-textual\" required=\"required\">\n\t\t\t\t\t\t\t\t\t\t\t<\/div>\n\t\t\t\t\t\t\t\t<div class=\"elementor-field-type-tel elementor-field-group elementor-column elementor-field-group-field_8223d52 elementor-col-50 elementor-field-required elementor-mark-required\">\n\t\t\t\t\t\t\t\t\t\t\t\t<label for=\"form-field-field_8223d52\" class=\"elementor-field-label\">\n\t\t\t\t\t\t\t\tTel\u00e9fono\t\t\t\t\t\t\t<\/label>\n\t\t\t\t\t\t\t\t<input size=\"1\" type=\"tel\" name=\"form_fields[field_8223d52]\" id=\"form-field-field_8223d52\" class=\"elementor-field elementor-size-sm  elementor-field-textual\" required=\"required\" pattern=\"[0-9()#&amp;+*-=.]+\" title=\"Solo se aceptan n\u00fameros y caracteres de tel\u00e9fono (#,-,*,etc).\">\n\n\t\t\t\t\t\t<\/div>\n\t\t\t\t\t\t\t\t<div class=\"elementor-field-type-email elementor-field-group elementor-column elementor-field-group-email elementor-col-50 elementor-field-required elementor-mark-required\">\n\t\t\t\t\t\t\t\t\t\t\t\t<label for=\"form-field-email\" class=\"elementor-field-label\">\n\t\t\t\t\t\t\t\tCorreo electr\u00f3nico\t\t\t\t\t\t\t<\/label>\n\t\t\t\t\t\t\t\t\t\t\t\t\t\t<input size=\"1\" type=\"email\" name=\"form_fields[email]\" id=\"form-field-email\" class=\"elementor-field elementor-size-sm  elementor-field-textual\" required=\"required\">\n\t\t\t\t\t\t\t\t\t\t\t<\/div>\n\t\t\t\t\t\t\t\t<div class=\"elementor-field-type-radio elementor-field-group elementor-column elementor-field-group-message elementor-col-100\">\n\t\t\t\t\t\t\t\t\t\t\t\t<label for=\"form-field-message\" class=\"elementor-field-label\">\n\t\t\t\t\t\t\t\tMe gustar\u00eda que me contactaran de la siguiente manera:\t\t\t\t\t\t\t<\/label>\n\t\t\t\t\t\t<div class=\"elementor-field-subgroup  elementor-subgroup-inline\"><span class=\"elementor-field-option\"><input type=\"radio\" value=\"Por tel\u00e9fono\" id=\"form-field-message-0\" name=\"form_fields[message]\"> <label for=\"form-field-message-0\">Por tel\u00e9fono<\/label><\/span><span class=\"elementor-field-option\"><input type=\"radio\" value=\"Por correo electr\u00f3nico\" id=\"form-field-message-1\" name=\"form_fields[message]\"> <label for=\"form-field-message-1\">Por correo electr\u00f3nico<\/label><\/span><span class=\"elementor-field-option\"><input type=\"radio\" value=\"Cita a trav\u00e9s de zoom \/ gotomeeting \/ teams o indique su preferencia\" id=\"form-field-message-2\" name=\"form_fields[message]\"> <label for=\"form-field-message-2\">Cita a trav\u00e9s de zoom \/ gotomeeting \/ teams o indique su preferencia<\/label><\/span><\/div>\t\t\t\t<\/div>\n\t\t\t\t\t\t\t\t<div class=\"elementor-field-type-text elementor-field-group elementor-column elementor-field-group-field_39061d9 elementor-col-25\">\n\t\t\t\t\t\t\t\t\t\t\t\t<label for=\"form-field-field_39061d9\" class=\"elementor-field-label\">\n\t\t\t\t\t\t\t\tPreferencia\t\t\t\t\t\t\t<\/label>\n\t\t\t\t\t\t\t\t\t\t\t\t\t\t<input size=\"1\" type=\"text\" name=\"form_fields[field_39061d9]\" id=\"form-field-field_39061d9\" class=\"elementor-field elementor-size-sm  elementor-field-textual\">\n\t\t\t\t\t\t\t\t\t\t\t<\/div>\n\t\t\t\t\t\t\t\t<div class=\"elementor-field-type-html elementor-field-group elementor-column elementor-field-group-field_3196245 elementor-col-100\">\n\t\t\t\t\tPor favor, introduzca 2 fechas posibles:\t\t\t\t<\/div>\n\t\t\t\t\t\t\t\t<div class=\"elementor-field-type-date elementor-field-group elementor-column elementor-field-group-field_0bda8b9 elementor-col-25\">\n\t\t\t\t\t\t\t\t\t\t\t\t<label for=\"form-field-field_0bda8b9\" class=\"elementor-field-label\">\n\t\t\t\t\t\t\t\tFecha 1\t\t\t\t\t\t\t<\/label>\n\t\t\t\t\t\t\n\t\t<input type=\"date\" name=\"form_fields[field_0bda8b9]\" id=\"form-field-field_0bda8b9\" class=\"elementor-field elementor-size-sm  elementor-field-textual elementor-date-field\" pattern=\"[0-9]{4}-[0-9]{2}-[0-9]{2}\">\n\t\t\t\t\t\t<\/div>\n\t\t\t\t\t\t\t\t<div class=\"elementor-field-type-time elementor-field-group elementor-column elementor-field-group-field_e1ce10c elementor-col-25\">\n\t\t\t\t\t\t\t\t\t\t\t\t<label for=\"form-field-field_e1ce10c\" class=\"elementor-field-label\">\n\t\t\t\t\t\t\t\tHora1\t\t\t\t\t\t\t<\/label>\n\t\t\t\t\t\t\t\t<input type=\"time\" name=\"form_fields[field_e1ce10c]\" id=\"form-field-field_e1ce10c\" class=\"elementor-field elementor-size-sm  elementor-field-textual elementor-time-field\">\n\t\t\t\t\t\t<\/div>\n\t\t\t\t\t\t\t\t<div class=\"elementor-field-type-date elementor-field-group elementor-column elementor-field-group-field_44d409a elementor-col-25\">\n\t\t\t\t\t\t\t\t\t\t\t\t<label for=\"form-field-field_44d409a\" class=\"elementor-field-label\">\n\t\t\t\t\t\t\t\tFecha 2\t\t\t\t\t\t\t<\/label>\n\t\t\t\t\t\t\n\t\t<input type=\"date\" name=\"form_fields[field_44d409a]\" id=\"form-field-field_44d409a\" class=\"elementor-field elementor-size-sm  elementor-field-textual elementor-date-field\" pattern=\"[0-9]{4}-[0-9]{2}-[0-9]{2}\">\n\t\t\t\t\t\t<\/div>\n\t\t\t\t\t\t\t\t<div class=\"elementor-field-type-time elementor-field-group elementor-column elementor-field-group-field_8edac68 elementor-col-25\">\n\t\t\t\t\t\t\t\t\t\t\t\t<label for=\"form-field-field_8edac68\" class=\"elementor-field-label\">\n\t\t\t\t\t\t\t\tHora 2\t\t\t\t\t\t\t<\/label>\n\t\t\t\t\t\t\t\t<input type=\"time\" name=\"form_fields[field_8edac68]\" id=\"form-field-field_8edac68\" class=\"elementor-field elementor-size-sm  elementor-field-textual elementor-time-field\">\n\t\t\t\t\t\t<\/div>\n\t\t\t\t\t\t\t\t<div class=\"elementor-field-type-html elementor-field-group elementor-column elementor-field-group-field_88a08ca elementor-col-100\">\n\t\t\t\t\t*Campos requeridos\t\t\t\t<\/div>\n\t\t\t\t\t\t\t\t<div class=\"elementor-field-type-acceptance elementor-field-group elementor-column elementor-field-group-field_ac6d9d0 elementor-col-100 elementor-field-required elementor-mark-required\">\n\t\t\t\t\t\t\t<div class=\"elementor-field-subgroup\">\n\t\t\t<span class=\"elementor-field-option\">\n\t\t\t\t<input type=\"checkbox\" name=\"form_fields[field_ac6d9d0]\" id=\"form-field-field_ac6d9d0\" class=\"elementor-field elementor-size-sm  elementor-acceptance-field\" required=\"required\">\n\t\t\t\t<label for=\"form-field-field_ac6d9d0\">He le\u00eddo la nota de Pol\u00edtica de Privacidad. Acepto que mis detalles y datos se recopilen y almacenen electr\u00f3nicamente para responder a mi solicitud. Nota: Puede revocar su consentimiento en cualquier momento para el futuro enviando un correo electr\u00f3nico a brandbox@iop.com.na.  <\/label>\t\t\t<\/span>\n\t\t<\/div>\n\t\t\t\t\t\t<\/div>\n\t\t\t\t\t\t\t\t<div class=\"elementor-field-group elementor-column elementor-field-type-submit elementor-col-25 e-form__buttons\">\n\t\t\t\t\t<button class=\"elementor-button elementor-size-sm\" type=\"submit\">\n\t\t\t\t\t\t<span class=\"elementor-button-content-wrapper\">\n\t\t\t\t\t\t\t\t\t\t\t\t\t\t\t\t\t\t\t\t\t\t<span class=\"elementor-button-text\">Enviar<\/span>\n\t\t\t\t\t\t\t\t\t\t\t\t\t<\/span>\n\t\t\t\t\t<\/button>\n\t\t\t\t<\/div>\n\t\t\t<\/div>\n\t\t<\/form>\n\t\t\t\t\t\t<\/div>\n\t\t\t\t<\/div>\n\t\t\t\t\t<\/div>\n\t\t<\/div>\n\t\t\t\t\t<\/div>\n\t\t<\/section>\n\t\t\t\t<section class=\"elementor-section elementor-top-section elementor-element elementor-element-fc0a190 elementor-section-boxed elementor-section-height-default elementor-section-height-default\" data-id=\"fc0a190\" data-element_type=\"section\" data-settings=\"{&quot;jet_parallax_layout_list&quot;:[]}\">\n\t\t\t\t\t\t<div class=\"elementor-container elementor-column-gap-default\">\n\t\t\t\t\t<div class=\"elementor-column elementor-col-100 elementor-top-column elementor-element elementor-element-89d1b1f\" data-id=\"89d1b1f\" data-element_type=\"column\">\n\t\t\t<div class=\"elementor-widget-wrap elementor-element-populated\">\n\t\t\t\t\t\t<div class=\"elementor-element elementor-element-b770e18 elementor-widget elementor-widget-text-editor\" data-id=\"b770e18\" data-element_type=\"widget\" data-widget_type=\"text-editor.default\">\n\t\t\t\t<div class=\"elementor-widget-container\">\n\t\t\t\t\t\t\t\t\t<h1><strong>Te sacamos del desierto. <\/strong><\/h1><h1><strong>\u00a1Con nosotros puedes estar en la cresta de la ola!<\/strong><\/h1>\t\t\t\t\t\t\t\t<\/div>\n\t\t\t\t<\/div>\n\t\t\t\t<div class=\"elementor-element elementor-element-968e3ad elementor-widget elementor-widget-text-editor\" data-id=\"968e3ad\" data-element_type=\"widget\" data-widget_type=\"text-editor.default\">\n\t\t\t\t<div class=\"elementor-widget-container\">\n\t\t\t\t\t\t\t\t\t<p>Pascale Paulsmeier es namibia de habla alemana y vive con su familia principalmente en Namibia. Brandbox GmbH se fund\u00f3 originalmente en el sur de Alemania (en Ulm) en 2018 y la dependencia de Namibia en 2020. Mientras tanto, la dependencia de Namibia es la empresa principal.  <\/p><p>Namibia se caracteriza por sus vastos paisajes. El encuentro del desierto de Namibia con el oc\u00e9ano Atl\u00e1ntico es \u00fanico&#8230; <\/p>\t\t\t\t\t\t\t\t<\/div>\n\t\t\t\t<\/div>\n\t\t\t\t<div class=\"elementor-element elementor-element-1e805a7 elementor-arrows-position-inside elementor-pagination-position-outside elementor-widget elementor-widget-image-carousel\" data-id=\"1e805a7\" data-element_type=\"widget\" data-settings=\"{&quot;navigation&quot;:&quot;both&quot;,&quot;autoplay&quot;:&quot;yes&quot;,&quot;pause_on_hover&quot;:&quot;yes&quot;,&quot;pause_on_interaction&quot;:&quot;yes&quot;,&quot;autoplay_speed&quot;:5000,&quot;infinite&quot;:&quot;yes&quot;,&quot;speed&quot;:500}\" data-widget_type=\"image-carousel.default\">\n\t\t\t\t<div class=\"elementor-widget-container\">\n\t\t\t\t\t\t\t<div class=\"elementor-image-carousel-wrapper swiper\" role=\"region\" aria-roledescription=\"carousel\" aria-label=\"Carrusel de im\u00e1genes\" dir=\"ltr\">\n\t\t\t<div class=\"elementor-image-carousel swiper-wrapper\" aria-live=\"off\">\n\t\t\t\t\t\t\t\t<div class=\"swiper-slide\" role=\"group\" aria-roledescription=\"slide\" aria-label=\"1 de 10\"><a data-elementor-open-lightbox=\"yes\" data-elementor-lightbox-slideshow=\"1e805a7\" data-elementor-lightbox-title=\"DSCF4334\" data-e-action-hash=\"#elementor-action%3Aaction%3Dlightbox%26settings%3DeyJpZCI6MTQ2OSwidXJsIjoiaHR0cHM6XC9cL2JyYW5kYm94d29ybGQuY29tXC93cC1jb250ZW50XC91cGxvYWRzXC8yMDIyXC8wNlwvRFNDRjQzMzQtc2NhbGVkLmpwZyIsInNsaWRlc2hvdyI6IjFlODA1YTcifQ%3D%3D\" href=\"https:\/\/brandboxworld.com\/wp-content\/uploads\/2022\/06\/DSCF4334-scaled.jpg\"><figure class=\"swiper-slide-inner\"><img decoding=\"async\" class=\"swiper-slide-image\" src=\"https:\/\/brandboxworld.com\/wp-content\/uploads\/2022\/06\/DSCF4334-1024x768.jpg\" alt=\"DSCF4334\" \/><\/figure><\/a><\/div><div class=\"swiper-slide\" role=\"group\" aria-roledescription=\"slide\" aria-label=\"2 de 10\"><a data-elementor-open-lightbox=\"yes\" data-elementor-lightbox-slideshow=\"1e805a7\" data-elementor-lightbox-title=\"IMG_0310\" data-e-action-hash=\"#elementor-action%3Aaction%3Dlightbox%26settings%3DeyJpZCI6MTQ0OSwidXJsIjoiaHR0cHM6XC9cL2JyYW5kYm94d29ybGQuY29tXC93cC1jb250ZW50XC91cGxvYWRzXC8yMDIyXC8wNlwvSU1HXzAzMTAtc2NhbGVkLmpwZyIsInNsaWRlc2hvdyI6IjFlODA1YTcifQ%3D%3D\" href=\"https:\/\/brandboxworld.com\/wp-content\/uploads\/2022\/06\/IMG_0310-scaled.jpg\"><figure class=\"swiper-slide-inner\"><img decoding=\"async\" class=\"swiper-slide-image\" src=\"https:\/\/brandboxworld.com\/wp-content\/uploads\/2022\/06\/IMG_0310-1024x768.jpg\" alt=\"IMG_0310\" \/><\/figure><\/a><\/div><div class=\"swiper-slide\" role=\"group\" aria-roledescription=\"slide\" aria-label=\"3 de 10\"><a data-elementor-open-lightbox=\"yes\" data-elementor-lightbox-slideshow=\"1e805a7\" data-elementor-lightbox-title=\"03\" data-e-action-hash=\"#elementor-action%3Aaction%3Dlightbox%26settings%3DeyJpZCI6MTQ0MSwidXJsIjoiaHR0cHM6XC9cL2JyYW5kYm94d29ybGQuY29tXC93cC1jb250ZW50XC91cGxvYWRzXC8yMDIyXC8wNlwvMDMuanBnIiwic2xpZGVzaG93IjoiMWU4MDVhNyJ9\" href=\"https:\/\/brandboxworld.com\/wp-content\/uploads\/2022\/06\/03.jpg\"><figure class=\"swiper-slide-inner\"><img decoding=\"async\" class=\"swiper-slide-image\" src=\"https:\/\/brandboxworld.com\/wp-content\/uploads\/2022\/06\/03-1024x768.jpg\" alt=\"03\" \/><\/figure><\/a><\/div><div class=\"swiper-slide\" role=\"group\" aria-roledescription=\"slide\" aria-label=\"4 de 10\"><a data-elementor-open-lightbox=\"yes\" data-elementor-lightbox-slideshow=\"1e805a7\" data-elementor-lightbox-title=\"DSCF4354\" data-e-action-hash=\"#elementor-action%3Aaction%3Dlightbox%26settings%3DeyJpZCI6MTQ2NSwidXJsIjoiaHR0cHM6XC9cL2JyYW5kYm94d29ybGQuY29tXC93cC1jb250ZW50XC91cGxvYWRzXC8yMDIyXC8wNlwvRFNDRjQzNTQtc2NhbGVkLmpwZyIsInNsaWRlc2hvdyI6IjFlODA1YTcifQ%3D%3D\" href=\"https:\/\/brandboxworld.com\/wp-content\/uploads\/2022\/06\/DSCF4354-scaled.jpg\"><figure class=\"swiper-slide-inner\"><img decoding=\"async\" class=\"swiper-slide-image\" src=\"https:\/\/brandboxworld.com\/wp-content\/uploads\/2022\/06\/DSCF4354-1024x768.jpg\" alt=\"DSCF4354\" \/><\/figure><\/a><\/div><div class=\"swiper-slide\" role=\"group\" aria-roledescription=\"slide\" aria-label=\"5 de 10\"><a data-elementor-open-lightbox=\"yes\" data-elementor-lightbox-slideshow=\"1e805a7\" data-elementor-lightbox-title=\"DSCF4311\" data-e-action-hash=\"#elementor-action%3Aaction%3Dlightbox%26settings%3DeyJpZCI6MTQ2MSwidXJsIjoiaHR0cHM6XC9cL2JyYW5kYm94d29ybGQuY29tXC93cC1jb250ZW50XC91cGxvYWRzXC8yMDIyXC8wNlwvRFNDRjQzMTEtc2NhbGVkLmpwZyIsInNsaWRlc2hvdyI6IjFlODA1YTcifQ%3D%3D\" href=\"https:\/\/brandboxworld.com\/wp-content\/uploads\/2022\/06\/DSCF4311-scaled.jpg\"><figure class=\"swiper-slide-inner\"><img decoding=\"async\" class=\"swiper-slide-image\" src=\"https:\/\/brandboxworld.com\/wp-content\/uploads\/2022\/06\/DSCF4311-1024x768.jpg\" alt=\"DSCF4311\" \/><\/figure><\/a><\/div><div class=\"swiper-slide\" role=\"group\" aria-roledescription=\"slide\" aria-label=\"6 de 10\"><a data-elementor-open-lightbox=\"yes\" data-elementor-lightbox-slideshow=\"1e805a7\" data-elementor-lightbox-title=\"IMG_0811\" data-e-action-hash=\"#elementor-action%3Aaction%3Dlightbox%26settings%3DeyJpZCI6MTQ3MywidXJsIjoiaHR0cHM6XC9cL2JyYW5kYm94d29ybGQuY29tXC93cC1jb250ZW50XC91cGxvYWRzXC8yMDIyXC8wNlwvSU1HXzA4MTEtc2NhbGVkLmpwZyIsInNsaWRlc2hvdyI6IjFlODA1YTcifQ%3D%3D\" href=\"https:\/\/brandboxworld.com\/wp-content\/uploads\/2022\/06\/IMG_0811-scaled.jpg\"><figure class=\"swiper-slide-inner\"><img decoding=\"async\" class=\"swiper-slide-image\" src=\"https:\/\/brandboxworld.com\/wp-content\/uploads\/2022\/06\/IMG_0811-1024x768.jpg\" alt=\"IMG_0811\" \/><\/figure><\/a><\/div><div class=\"swiper-slide\" role=\"group\" aria-roledescription=\"slide\" aria-label=\"7 de 10\"><a data-elementor-open-lightbox=\"yes\" data-elementor-lightbox-slideshow=\"1e805a7\" data-elementor-lightbox-title=\"04\" data-e-action-hash=\"#elementor-action%3Aaction%3Dlightbox%26settings%3DeyJpZCI6MTQ0NSwidXJsIjoiaHR0cHM6XC9cL2JyYW5kYm94d29ybGQuY29tXC93cC1jb250ZW50XC91cGxvYWRzXC8yMDIyXC8wNlwvMDQuanBnIiwic2xpZGVzaG93IjoiMWU4MDVhNyJ9\" href=\"https:\/\/brandboxworld.com\/wp-content\/uploads\/2022\/06\/04.jpg\"><figure class=\"swiper-slide-inner\"><img decoding=\"async\" class=\"swiper-slide-image\" src=\"https:\/\/brandboxworld.com\/wp-content\/uploads\/2022\/06\/04.jpg\" alt=\"04\" \/><\/figure><\/a><\/div><div class=\"swiper-slide\" role=\"group\" aria-roledescription=\"slide\" aria-label=\"8 de 10\"><a data-elementor-open-lightbox=\"yes\" data-elementor-lightbox-slideshow=\"1e805a7\" data-elementor-lightbox-title=\"IMG_0831\" data-e-action-hash=\"#elementor-action%3Aaction%3Dlightbox%26settings%3DeyJpZCI6MTQ1MywidXJsIjoiaHR0cHM6XC9cL2JyYW5kYm94d29ybGQuY29tXC93cC1jb250ZW50XC91cGxvYWRzXC8yMDIyXC8wNlwvSU1HXzA4MzEtc2NhbGVkLmpwZyIsInNsaWRlc2hvdyI6IjFlODA1YTcifQ%3D%3D\" href=\"https:\/\/brandboxworld.com\/wp-content\/uploads\/2022\/06\/IMG_0831-scaled.jpg\"><figure class=\"swiper-slide-inner\"><img decoding=\"async\" class=\"swiper-slide-image\" src=\"https:\/\/brandboxworld.com\/wp-content\/uploads\/2022\/06\/IMG_0831-1024x768.jpg\" alt=\"IMG_0831\" \/><\/figure><\/a><\/div><div class=\"swiper-slide\" role=\"group\" aria-roledescription=\"slide\" aria-label=\"9 de 10\"><a data-elementor-open-lightbox=\"yes\" data-elementor-lightbox-slideshow=\"1e805a7\" data-elementor-lightbox-title=\"02\" data-e-action-hash=\"#elementor-action%3Aaction%3Dlightbox%26settings%3DeyJpZCI6MTQzNywidXJsIjoiaHR0cHM6XC9cL2JyYW5kYm94d29ybGQuY29tXC93cC1jb250ZW50XC91cGxvYWRzXC8yMDIyXC8wNlwvMDIuanBnIiwic2xpZGVzaG93IjoiMWU4MDVhNyJ9\" href=\"https:\/\/brandboxworld.com\/wp-content\/uploads\/2022\/06\/02.jpg\"><figure class=\"swiper-slide-inner\"><img decoding=\"async\" class=\"swiper-slide-image\" src=\"https:\/\/brandboxworld.com\/wp-content\/uploads\/2022\/06\/02-1024x768.jpg\" alt=\"02\" \/><\/figure><\/a><\/div><div class=\"swiper-slide\" role=\"group\" aria-roledescription=\"slide\" aria-label=\"10 de 10\"><a data-elementor-open-lightbox=\"yes\" data-elementor-lightbox-slideshow=\"1e805a7\" data-elementor-lightbox-title=\"01\" data-e-action-hash=\"#elementor-action%3Aaction%3Dlightbox%26settings%3DeyJpZCI6MTQzMywidXJsIjoiaHR0cHM6XC9cL2JyYW5kYm94d29ybGQuY29tXC93cC1jb250ZW50XC91cGxvYWRzXC8yMDIyXC8wNlwvMDEuanBnIiwic2xpZGVzaG93IjoiMWU4MDVhNyJ9\" href=\"https:\/\/brandboxworld.com\/wp-content\/uploads\/2022\/06\/01.jpg\"><figure class=\"swiper-slide-inner\"><img decoding=\"async\" class=\"swiper-slide-image\" src=\"https:\/\/brandboxworld.com\/wp-content\/uploads\/2022\/06\/01-1024x768.jpg\" alt=\"01\" \/><\/figure><\/a><\/div>\t\t\t<\/div>\n\t\t\t\t\t\t\t\t\t\t\t\t<div class=\"elementor-swiper-button elementor-swiper-button-prev\" role=\"button\" tabindex=\"0\">\n\t\t\t\t\t\t<i aria-hidden=\"true\" class=\"eicon-chevron-left\"><\/i>\t\t\t\t\t<\/div>\n\t\t\t\t\t<div class=\"elementor-swiper-button elementor-swiper-button-next\" role=\"button\" tabindex=\"0\">\n\t\t\t\t\t\t<i aria-hidden=\"true\" class=\"eicon-chevron-right\"><\/i>\t\t\t\t\t<\/div>\n\t\t\t\t\n\t\t\t\t\t\t\t\t\t<div class=\"swiper-pagination\"><\/div>\n\t\t\t\t\t\t\t\t\t<\/div>\n\t\t\t\t\t\t<\/div>\n\t\t\t\t<\/div>\n\t\t\t\t\t<\/div>\n\t\t<\/div>\n\t\t\t\t\t<\/div>\n\t\t<\/section>\n\t\t\t\t<\/div>\n\t\t","protected":false},"excerpt":{"rendered":"<p>\u00bfLe gustar\u00eda utilizar Brandbox? Si est\u00e1 interesado en nuestros servicios o tiene alguna pregunta, p\u00f3ngase en contacto con nosotros por correo electr\u00f3nico: brandbox@iop.com.na O a trav\u00e9s del formulario de contacto. Estaremos encantados de ponernos en contacto con usted, por favor, facil\u00edtenos la siguiente informaci\u00f3n: Te sacamos del desierto. \u00a1Con nosotros puedes estar en la cresta [&hellip;]<\/p>\n","protected":false},"author":1,"featured_media":0,"parent":0,"menu_order":0,"comment_status":"closed","ping_status":"closed","template":"","meta":{"footnotes":""},"class_list":["post-1562","page","type-page","status-publish","hentry"],"_links":{"self":[{"href":"https:\/\/brandboxworld.com\/es\/wp-json\/wp\/v2\/pages\/1562","targetHints":{"allow":["GET"]}}],"collection":[{"href":"https:\/\/brandboxworld.com\/es\/wp-json\/wp\/v2\/pages"}],"about":[{"href":"https:\/\/brandboxworld.com\/es\/wp-json\/wp\/v2\/types\/page"}],"author":[{"embeddable":true,"href":"https:\/\/brandboxworld.com\/es\/wp-json\/wp\/v2\/users\/1"}],"replies":[{"embeddable":true,"href":"https:\/\/brandboxworld.com\/es\/wp-json\/wp\/v2\/comments?post=1562"}],"version-history":[{"count":9,"href":"https:\/\/brandboxworld.com\/es\/wp-json\/wp\/v2\/pages\/1562\/revisions"}],"predecessor-version":[{"id":2522,"href":"https:\/\/brandboxworld.com\/es\/wp-json\/wp\/v2\/pages\/1562\/revisions\/2522"}],"wp:attachment":[{"href":"https:\/\/brandboxworld.com\/es\/wp-json\/wp\/v2\/media?parent=1562"}],"curies":[{"name":"wp","href":"https:\/\/api.w.org\/{rel}","templated":true}]}}